{"id":18457,"date":"2024-01-26T14:54:39","date_gmt":"2024-01-26T14:54:40","guid":{"rendered":"https:\/\/ikonisch.pt\/?post_type=product&#038;p=18457"},"modified":"2024-03-05T11:27:48","modified_gmt":"2024-03-05T11:27:48","slug":"base-de-mesa-nomos-tecno-copia","status":"publish","type":"product","link":"https:\/\/ikonisch.pt\/es\/produtos\/base-de-mesa-nomos-tecno-copia\/","title":{"rendered":"Escritorio Nomos 1600x800mm &#8211; Tecno"},"content":{"rendered":"<p><br data-mce-bogus=\"1\"><\/p>\n","protected":false},"excerpt":{"rendered":"<p>Desde su fundaci\u00f3n en 1953, Tecno Italia ha dedicado su actividad a redefinir el concepto de los espacios de trabajo.<br \/>\nCreando arquitecturas de interiores, dise\u00f1ando y produciendo muebles innovadores con \u00e9nfasis en la calidad del dise\u00f1o, los materiales y la artesan\u00eda, Tecno se ha implicado seriamente desde hace tiempo en la vanguardia de soluciones \u00fanicas para personas y espacios cargados de inspiraci\u00f3n de nuevos tiempos y culturas.<br \/>\nTecno es uno de los protagonistas del nacimiento y expansi\u00f3n del dise\u00f1o italiano; sus productos ic\u00f3nicos est\u00e1n presentes en el museo de arte contempor\u00e1neo m\u00e1s importante del mundo.<br \/>\nLa serie de mesas Tecno Nomos es el resultado de la colaboraci\u00f3n entre Tecno y el conocido dise\u00f1ador brit\u00e1nico Sir Norman Foster. Las mesas Nomos, fruto de esta colaboraci\u00f3n, son consideradas por los expertos como el caviar entre las mesas de conferencias de trabajo.<br \/>\nConocidas por su elegancia, robustez y versatilidad, estas mesas no tienen rival y garantizan un dise\u00f1o bello y atemporal.<\/p>\n<p>Estructura de aluminio y tablero de aglomerado chapado en melamina de 25 mm de grosor con cantos de PVC de 2 mm.<\/p>\n","protected":false},"featured_media":18869,"template":"","meta":{"_acf_changed":false,"inline_featured_image":false},"product_brand":[],"product_cat":[694,691],"product_tag":[814,836],"class_list":{"0":"post-18457","1":"product","2":"type-product","3":"status-publish","4":"has-post-thumbnail","6":"product_cat-mesas-es","7":"product_cat-oficina","8":"product_tag-norman-foster-es","9":"product_tag-tecno-es","11":"first","12":"outofstock","13":"shipping-taxable","14":"purchasable","15":"product-type-simple"},"acf":[],"aioseo_notices":[],"_links":{"self":[{"href":"https:\/\/ikonisch.pt\/es\/wp-json\/wp\/v2\/product\/18457","targetHints":{"allow":["GET"]}}],"collection":[{"href":"https:\/\/ikonisch.pt\/es\/wp-json\/wp\/v2\/product"}],"about":[{"href":"https:\/\/ikonisch.pt\/es\/wp-json\/wp\/v2\/types\/product"}],"wp:featuredmedia":[{"embeddable":true,"href":"https:\/\/ikonisch.pt\/es\/wp-json\/wp\/v2\/media\/18869"}],"wp:attachment":[{"href":"https:\/\/ikonisch.pt\/es\/wp-json\/wp\/v2\/media?parent=18457"}],"wp:term":[{"taxonomy":"product_brand","embeddable":true,"href":"https:\/\/ikonisch.pt\/es\/wp-json\/wp\/v2\/product_brand?post=18457"},{"taxonomy":"product_cat","embeddable":true,"href":"https:\/\/ikonisch.pt\/es\/wp-json\/wp\/v2\/product_cat?post=18457"},{"taxonomy":"product_tag","embeddable":true,"href":"https:\/\/ikonisch.pt\/es\/wp-json\/wp\/v2\/product_tag?post=18457"}],"curies":[{"name":"wp","href":"https:\/\/api.w.org\/{rel}","templated":true}]}}