{"id":18563,"date":"2024-02-06T11:36:49","date_gmt":"2024-02-06T11:36:49","guid":{"rendered":"https:\/\/ikonisch.pt\/?post_type=product&#038;p=18563"},"modified":"2024-07-22T09:55:26","modified_gmt":"2024-07-22T09:55:26","slug":"cadeira-organic-vitra-es","status":"publish","type":"product","link":"https:\/\/ikonisch.pt\/es\/produtos\/cadeira-organic-vitra-es\/","title":{"rendered":"Silla Organic &#8211; Vitra"},"content":{"rendered":"","protected":false},"excerpt":{"rendered":"<p>Silla en excelente estado, como nueva. Tiene tejido de lana y estructura de madera de roble negro.<\/p>\n<p>La Silla Organic de Vitra es un dise\u00f1o ic\u00f3nico concebido por Charles Eames y Eero Saarinen en 1940 como parte de su participaci\u00f3n en un concurso titulado \u00abOrganic Design in Home Furnishings\u00bb, organizado por el Museo de Arte Moderno de Nueva York.<br \/>\nLa Organic Chair es una silla peque\u00f1a y c\u00f3moda, con una forma escultural y un dise\u00f1o adelantado a su tiempo. En 1940, debido a la falta de t\u00e9cnicas de fabricaci\u00f3n adecuadas, la silla nunca lleg\u00f3 a fabricarse. Hasta 1950 no fue posible fabricar y comercializar carcasas de asiento con formas org\u00e1nicas en grandes cantidades, como demuestran la famosa Plastic Armchair de Charles y Ray Eames o la Tulip Chair de Saarinen.<br \/>\nFabricado en 2010<\/p>\n<p>Atenci\u00f3n: Precio unitario.<\/p>\n","protected":false},"featured_media":18602,"template":"","meta":{"_acf_changed":false,"inline_featured_image":false},"product_brand":[],"product_cat":[689],"product_tag":[1113,1112,848],"class_list":{"0":"post-18563","1":"product","2":"type-product","3":"status-publish","4":"has-post-thumbnail","6":"product_cat-sillas","7":"product_tag-charles-eames-es","8":"product_tag-eero-saarinen-es","9":"product_tag-vitra-es","11":"first","12":"outofstock","13":"shipping-taxable","14":"purchasable","15":"product-type-simple"},"acf":[],"aioseo_notices":[],"_links":{"self":[{"href":"https:\/\/ikonisch.pt\/es\/wp-json\/wp\/v2\/product\/18563","targetHints":{"allow":["GET"]}}],"collection":[{"href":"https:\/\/ikonisch.pt\/es\/wp-json\/wp\/v2\/product"}],"about":[{"href":"https:\/\/ikonisch.pt\/es\/wp-json\/wp\/v2\/types\/product"}],"wp:featuredmedia":[{"embeddable":true,"href":"https:\/\/ikonisch.pt\/es\/wp-json\/wp\/v2\/media\/18602"}],"wp:attachment":[{"href":"https:\/\/ikonisch.pt\/es\/wp-json\/wp\/v2\/media?parent=18563"}],"wp:term":[{"taxonomy":"product_brand","embeddable":true,"href":"https:\/\/ikonisch.pt\/es\/wp-json\/wp\/v2\/product_brand?post=18563"},{"taxonomy":"product_cat","embeddable":true,"href":"https:\/\/ikonisch.pt\/es\/wp-json\/wp\/v2\/product_cat?post=18563"},{"taxonomy":"product_tag","embeddable":true,"href":"https:\/\/ikonisch.pt\/es\/wp-json\/wp\/v2\/product_tag?post=18563"}],"curies":[{"name":"wp","href":"https:\/\/api.w.org\/{rel}","templated":true}]}}