{"id":18566,"date":"2024-02-06T11:50:27","date_gmt":"2024-02-06T11:50:27","guid":{"rendered":"https:\/\/ikonisch.pt\/?post_type=product&#038;p=18566"},"modified":"2024-07-19T09:15:23","modified_gmt":"2024-07-19T09:15:23","slug":"sofafavn_fritzhansen_es","status":"publish","type":"product","link":"https:\/\/ikonisch.pt\/es\/produtos\/sofafavn_fritzhansen_es\/","title":{"rendered":"Sof\u00e1 Favn &#8211; Fritz Hansen"},"content":{"rendered":"","protected":false},"excerpt":{"rendered":"<p>Dise\u00f1ado por Jaime Hay\u00f3n para Fritz Hansen, el sof\u00e1 Favn debe su nombre a la palabra danesa que significa \u00ababrazo\u00bb. Con un dise\u00f1o compacto, tiene una suave silueta curvada con reposabrazos integrados que envuelven los bordes del asiento. Revestido completamente en tela gris, el sof\u00e1 tiene un coj\u00edn de asiento profundo y un coj\u00edn de respaldo independiente en tela magenta. Descansa sobre patas de aluminio cepillado, mientras que dos cojines adicionales, con botones y en tela magenta, proporcionan un confort adicional. Ideal para los espacios m\u00e1s compactos, este sof\u00e1 de tres plazas equilibra a la perfecci\u00f3n practicidad y comodidad, lo que lo convierte en una opci\u00f3n ideal para los salones contempor\u00e1neos.<\/p>\n<p>Para m\u00e1s informaci\u00f3n sobre precios, p\u00f3ngase en contacto con nosotros por correo electr\u00f3nico en <strong>info@ikonisch.pt<\/strong> o por tel\u00e9fono en el <strong>+351 913 068 270<\/strong>.<\/p>\n","protected":false},"featured_media":18641,"template":"","meta":{"_acf_changed":false,"inline_featured_image":false},"product_brand":[],"product_cat":[690,697],"product_tag":[756,1107],"class_list":{"0":"post-18566","1":"product","2":"type-product","3":"status-publish","4":"has-post-thumbnail","6":"product_cat-hogar","7":"product_cat-sofas-y-sillones","8":"product_tag-fritz-hansen-es","9":"product_tag-jaime-hayon-es","11":"first","12":"outofstock","13":"shipping-taxable","14":"product-type-simple"},"acf":[],"aioseo_notices":[],"_links":{"self":[{"href":"https:\/\/ikonisch.pt\/es\/wp-json\/wp\/v2\/product\/18566","targetHints":{"allow":["GET"]}}],"collection":[{"href":"https:\/\/ikonisch.pt\/es\/wp-json\/wp\/v2\/product"}],"about":[{"href":"https:\/\/ikonisch.pt\/es\/wp-json\/wp\/v2\/types\/product"}],"wp:featuredmedia":[{"embeddable":true,"href":"https:\/\/ikonisch.pt\/es\/wp-json\/wp\/v2\/media\/18641"}],"wp:attachment":[{"href":"https:\/\/ikonisch.pt\/es\/wp-json\/wp\/v2\/media?parent=18566"}],"wp:term":[{"taxonomy":"product_brand","embeddable":true,"href":"https:\/\/ikonisch.pt\/es\/wp-json\/wp\/v2\/product_brand?post=18566"},{"taxonomy":"product_cat","embeddable":true,"href":"https:\/\/ikonisch.pt\/es\/wp-json\/wp\/v2\/product_cat?post=18566"},{"taxonomy":"product_tag","embeddable":true,"href":"https:\/\/ikonisch.pt\/es\/wp-json\/wp\/v2\/product_tag?post=18566"}],"curies":[{"name":"wp","href":"https:\/\/api.w.org\/{rel}","templated":true}]}}