{"id":18755,"date":"2024-02-08T16:39:00","date_gmt":"2024-02-08T16:39:01","guid":{"rendered":"https:\/\/ikonisch.pt\/?post_type=product&#038;p=18755"},"modified":"2024-04-09T12:44:59","modified_gmt":"2024-04-09T12:44:59","slug":"ikonischfurniture_es","status":"publish","type":"product","link":"https:\/\/ikonisch.pt\/es\/produtos\/ikonischfurniture_es\/","title":{"rendered":"Escritorio Home Desk &#8211; Vitra"},"content":{"rendered":"","protected":false},"excerpt":{"rendered":"<p>El Home Desk es un cl\u00e1sico del dise\u00f1o de George Nelson, que se distingue por su base gr\u00e1cil, elegante y meticulosamente elaborada. Este peque\u00f1o escritorio, dise\u00f1ado originalmente como mesa de escritorio para la se\u00f1ora de la casa, est\u00e1 fabricado con materiales de alta calidad que acent\u00faan su atractivo decorativo. Con superficies superiores en laminado de alta presi\u00f3n blanco y secciones laterales en chapa de nogal, el Home Desk combina elegancia y funcionalidad. Los separadores de las baldas son de poliestireno y permiten una organizaci\u00f3n eficaz. Su base es de tubo de metal cromado, lo que a\u00f1ade un toque de sofisticaci\u00f3n al dise\u00f1o. Hoy en d\u00eda, el Home Desk se utiliza habitualmente como espacio de trabajo compacto, adapt\u00e1ndose perfectamente a diversos entornos.<\/p>\n<p>Altura del tablero: 74 cm<\/p>\n","protected":false},"featured_media":20780,"template":"","meta":{"_acf_changed":false,"inline_featured_image":false},"product_brand":[],"product_cat":[698,690,694,691],"product_tag":[1182,848],"class_list":{"0":"post-18755","1":"product","2":"type-product","3":"status-publish","4":"has-post-thumbnail","6":"product_cat-coleccion-vintage","7":"product_cat-hogar","8":"product_cat-mesas-es","9":"product_cat-oficina","10":"product_tag-george-nelson-es","11":"product_tag-vitra-es","13":"first","14":"outofstock","15":"shipping-taxable","16":"purchasable","17":"product-type-simple"},"acf":[],"aioseo_notices":[],"_links":{"self":[{"href":"https:\/\/ikonisch.pt\/es\/wp-json\/wp\/v2\/product\/18755","targetHints":{"allow":["GET"]}}],"collection":[{"href":"https:\/\/ikonisch.pt\/es\/wp-json\/wp\/v2\/product"}],"about":[{"href":"https:\/\/ikonisch.pt\/es\/wp-json\/wp\/v2\/types\/product"}],"wp:featuredmedia":[{"embeddable":true,"href":"https:\/\/ikonisch.pt\/es\/wp-json\/wp\/v2\/media\/20780"}],"wp:attachment":[{"href":"https:\/\/ikonisch.pt\/es\/wp-json\/wp\/v2\/media?parent=18755"}],"wp:term":[{"taxonomy":"product_brand","embeddable":true,"href":"https:\/\/ikonisch.pt\/es\/wp-json\/wp\/v2\/product_brand?post=18755"},{"taxonomy":"product_cat","embeddable":true,"href":"https:\/\/ikonisch.pt\/es\/wp-json\/wp\/v2\/product_cat?post=18755"},{"taxonomy":"product_tag","embeddable":true,"href":"https:\/\/ikonisch.pt\/es\/wp-json\/wp\/v2\/product_tag?post=18755"}],"curies":[{"name":"wp","href":"https:\/\/api.w.org\/{rel}","templated":true}]}}