{"id":18764,"date":"2024-02-09T13:41:18","date_gmt":"2024-02-09T13:41:18","guid":{"rendered":"https:\/\/ikonisch.pt\/?post_type=product&#038;p=18764"},"modified":"2024-03-11T16:50:22","modified_gmt":"2024-03-11T16:50:22","slug":"tipo-nombre-marca-copia-2","status":"publish","type":"product","link":"https:\/\/ikonisch.pt\/es\/produtos\/tipo-nombre-marca-copia-2\/","title":{"rendered":"Escritorio Sono con bloques de cajones &#8211; Renz"},"content":{"rendered":"","protected":false},"excerpt":{"rendered":"<p>Escritorio de direcci\u00f3n 1800&#215;800 con tablero de madera y base de apoyo central extra\u00edble con 2 bloques giratorios de 2 cajones (A4 + A3).Nuestro entorno influye en c\u00f3mo pensamos y actuamos.Las caracter\u00edsticas cautivadoras de SONO son la calidad arquitect\u00f3nica y la funcionalidad inteligente. La modularidad es el principio b\u00e1sico del dise\u00f1o, y el polifac\u00e9tico sistema de puestos de trabajo lo hace realidad a la perfecci\u00f3n. Los bloques con ruedas se agrupan seg\u00fan se desee, formando pr\u00e1cticos puntos de acceso para el almacenamiento e integrando a la perfecci\u00f3n lo \u00faltimo en tecnolog\u00eda.<br \/>\nLos impresionantes marcos de aluminio soportan una encimera de chapa de madera natural barnizada.<\/p>\n<p>Medidas totales:<br \/>\nEscritorio: Anchura: 180 cm \/ Profundidad: 80 cm \/ Altura: 74,5 cm \/ Grosor del tablero: 4 cm;<br \/>\nBloques de cajones: Anchura: 44,5cm \/ Profundidad: 60cm \/ Altura: 54,5cm<\/p>\n<p>A tener en cuenta: Valor del conjunto.<\/p>\n","protected":false},"featured_media":18773,"template":"","meta":{"_acf_changed":false,"inline_featured_image":false},"product_brand":[],"product_cat":[691],"product_tag":[1308,1143],"class_list":{"0":"post-18764","1":"product","2":"type-product","3":"status-publish","4":"has-post-thumbnail","6":"product_cat-oficina","7":"product_tag-justus-kolberg-es","8":"product_tag-renz-es","10":"first","11":"outofstock","12":"shipping-taxable","13":"purchasable","14":"product-type-simple"},"acf":[],"aioseo_notices":[],"_links":{"self":[{"href":"https:\/\/ikonisch.pt\/es\/wp-json\/wp\/v2\/product\/18764","targetHints":{"allow":["GET"]}}],"collection":[{"href":"https:\/\/ikonisch.pt\/es\/wp-json\/wp\/v2\/product"}],"about":[{"href":"https:\/\/ikonisch.pt\/es\/wp-json\/wp\/v2\/types\/product"}],"wp:featuredmedia":[{"embeddable":true,"href":"https:\/\/ikonisch.pt\/es\/wp-json\/wp\/v2\/media\/18773"}],"wp:attachment":[{"href":"https:\/\/ikonisch.pt\/es\/wp-json\/wp\/v2\/media?parent=18764"}],"wp:term":[{"taxonomy":"product_brand","embeddable":true,"href":"https:\/\/ikonisch.pt\/es\/wp-json\/wp\/v2\/product_brand?post=18764"},{"taxonomy":"product_cat","embeddable":true,"href":"https:\/\/ikonisch.pt\/es\/wp-json\/wp\/v2\/product_cat?post=18764"},{"taxonomy":"product_tag","embeddable":true,"href":"https:\/\/ikonisch.pt\/es\/wp-json\/wp\/v2\/product_tag?post=18764"}],"curies":[{"name":"wp","href":"https:\/\/api.w.org\/{rel}","templated":true}]}}