{"id":18922,"date":"2024-02-20T12:10:27","date_gmt":"2024-02-20T12:10:27","guid":{"rendered":"https:\/\/ikonisch.pt\/?post_type=product&#038;p=18922"},"modified":"2024-03-22T13:16:32","modified_gmt":"2024-03-22T13:16:32","slug":"tipo-nombre-marca-copia-3","status":"publish","type":"product","link":"https:\/\/ikonisch.pt\/es\/produtos\/tipo-nombre-marca-copia-3\/","title":{"rendered":"Taburete LEM &#8211; Lapalma"},"content":{"rendered":"","protected":false},"excerpt":{"rendered":"<p>Presentamos la Silla LEM: Inspirada en el ic\u00f3nico M\u00f3dulo de Excursi\u00f3n Lunar que aterriz\u00f3 en la luna en 1969, Lapalma cre\u00f3 la Silla LEM a principios del milenio, incorporando el mismo esp\u00edritu de ligereza y dise\u00f1o elegante. Como el Apolo 11, que elimin\u00f3 excesos innecesarios para la eficiencia, esta silla notable combina funcionalidad con elegancia minimalista. Su asiento giratorio y altura ajustable, combinados con una estructura de metal cromado mate y una base adornada con una chapa de acero inoxidable Aisi304 en patr\u00f3n de tejido de lino, elevan cualquier espacio con su encanto moderno. Con su asiento de contrachapado revestido en cuero y una base en fieltro, la Silla LEM fusiona forma y funci\u00f3n perfectamente, invit\u00e1ndote a experimentar confort y estilo como nunca antes.<\/p>\n<p>Altura del asiento: 68\/79 cm<\/p>\n","protected":false},"featured_media":31140,"template":"","meta":{"_acf_changed":false,"inline_featured_image":false},"product_brand":[],"product_cat":[688],"product_tag":[783,1233],"class_list":{"0":"post-18922","1":"product","2":"type-product","3":"status-publish","4":"has-post-thumbnail","6":"product_cat-bancos-y-pufs","7":"product_tag-lapalma-es","8":"product_tag-shin-tomoko-azumi-es","10":"first","11":"outofstock","12":"shipping-taxable","13":"purchasable","14":"product-type-simple"},"acf":[],"aioseo_notices":[],"_links":{"self":[{"href":"https:\/\/ikonisch.pt\/es\/wp-json\/wp\/v2\/product\/18922","targetHints":{"allow":["GET"]}}],"collection":[{"href":"https:\/\/ikonisch.pt\/es\/wp-json\/wp\/v2\/product"}],"about":[{"href":"https:\/\/ikonisch.pt\/es\/wp-json\/wp\/v2\/types\/product"}],"wp:featuredmedia":[{"embeddable":true,"href":"https:\/\/ikonisch.pt\/es\/wp-json\/wp\/v2\/media\/31140"}],"wp:attachment":[{"href":"https:\/\/ikonisch.pt\/es\/wp-json\/wp\/v2\/media?parent=18922"}],"wp:term":[{"taxonomy":"product_brand","embeddable":true,"href":"https:\/\/ikonisch.pt\/es\/wp-json\/wp\/v2\/product_brand?post=18922"},{"taxonomy":"product_cat","embeddable":true,"href":"https:\/\/ikonisch.pt\/es\/wp-json\/wp\/v2\/product_cat?post=18922"},{"taxonomy":"product_tag","embeddable":true,"href":"https:\/\/ikonisch.pt\/es\/wp-json\/wp\/v2\/product_tag?post=18922"}],"curies":[{"name":"wp","href":"https:\/\/api.w.org\/{rel}","templated":true}]}}