{"id":18925,"date":"2024-02-20T12:17:20","date_gmt":"2024-02-20T12:17:20","guid":{"rendered":"https:\/\/ikonisch.pt\/?post_type=product&#038;p=18925"},"modified":"2024-10-18T13:36:58","modified_gmt":"2024-10-18T13:36:58","slug":"taburete-lem-lapalma-copia","status":"publish","type":"product","link":"https:\/\/ikonisch.pt\/es\/produtos\/taburete-lem-lapalma-copia\/","title":{"rendered":"Taburete Skin &#8211; Vilagrasa"},"content":{"rendered":"","protected":false},"excerpt":{"rendered":"<p>El taburete alto Skin, dise\u00f1ado por Josep LLusc\u00e0 para Vilagrasa, es ideal para ser utilizado en hogares, oficinas y salas de reuniones, as\u00ed como en el interior de bares y cafeter\u00edas.<\/p>\n<p>Asiento inyectado con fibra de vidrio. Estructura de acero con acabado cromado.<\/p>\n<p><strong>Realizamos entregas a nivel mundial. Para env\u00edos fuera de Portugal y Espa\u00f1a, por favor, cont\u00e1ctenos para recibir un presupuesto personalizado.<\/strong><\/p>\n<p>Para m\u00e1s informaci\u00f3n sobre precios, p\u00f3ngase en contacto con nosotros por correo electr\u00f3nico en\u00a0<a href=\"mailto:info@ikonisch.pt\"><strong>info@ikonisch.pt<\/strong><\/a>\u00a0o por tel\u00e9fono en el\u00a0<strong>+351 913 068 270<\/strong>.<\/p>\n","protected":false},"featured_media":18989,"template":"","meta":{"_acf_changed":false,"inline_featured_image":false},"product_brand":[],"product_cat":[688],"product_tag":[1239,1238],"class_list":{"0":"post-18925","1":"product","2":"type-product","3":"status-publish","4":"has-post-thumbnail","6":"product_cat-bancos-y-pufs","7":"product_tag-josep-llusca-es","8":"product_tag-vilagrasa-es","10":"first","11":"instock","12":"shipping-taxable","13":"purchasable","14":"product-type-simple"},"acf":[],"aioseo_notices":[],"_links":{"self":[{"href":"https:\/\/ikonisch.pt\/es\/wp-json\/wp\/v2\/product\/18925","targetHints":{"allow":["GET"]}}],"collection":[{"href":"https:\/\/ikonisch.pt\/es\/wp-json\/wp\/v2\/product"}],"about":[{"href":"https:\/\/ikonisch.pt\/es\/wp-json\/wp\/v2\/types\/product"}],"wp:featuredmedia":[{"embeddable":true,"href":"https:\/\/ikonisch.pt\/es\/wp-json\/wp\/v2\/media\/18989"}],"wp:attachment":[{"href":"https:\/\/ikonisch.pt\/es\/wp-json\/wp\/v2\/media?parent=18925"}],"wp:term":[{"taxonomy":"product_brand","embeddable":true,"href":"https:\/\/ikonisch.pt\/es\/wp-json\/wp\/v2\/product_brand?post=18925"},{"taxonomy":"product_cat","embeddable":true,"href":"https:\/\/ikonisch.pt\/es\/wp-json\/wp\/v2\/product_cat?post=18925"},{"taxonomy":"product_tag","embeddable":true,"href":"https:\/\/ikonisch.pt\/es\/wp-json\/wp\/v2\/product_tag?post=18925"}],"curies":[{"name":"wp","href":"https:\/\/api.w.org\/{rel}","templated":true}]}}