{"id":19061,"date":"2024-02-21T12:33:37","date_gmt":"2024-02-21T12:33:37","guid":{"rendered":"https:\/\/ikonisch.pt\/?post_type=product&#038;p=19061"},"modified":"2024-03-22T17:04:01","modified_gmt":"2024-03-22T17:04:01","slug":"tipo-nombre-marca-copia-4","status":"publish","type":"product","link":"https:\/\/ikonisch.pt\/es\/produtos\/tipo-nombre-marca-copia-4\/","title":{"rendered":"Silla modelo SW1 &#8211; Coalesse"},"content":{"rendered":"","protected":false},"excerpt":{"rendered":"<p>Silla de visita con reposabrazos y sistema de retorno autom\u00e1tico. Pieza \u00fanica de dise\u00f1o atemporal, calidad y materiales superiores con armaz\u00f3n de aluminio pulido y asiento de tela trevira y respaldo ventilado de tela de malla. Silla ligera y f\u00e1cil de mover con base de 4 radios y patas deslizantes.<\/p>\n<p>Altura del asiento: 45 cm<\/p>\n<p>Atenci\u00f3n: Precio unitario.<\/p>\n","protected":false},"featured_media":19067,"template":"","meta":{"_acf_changed":false,"inline_featured_image":false},"product_brand":[],"product_cat":[691,697],"product_tag":[1260,1259,831],"class_list":{"0":"post-19061","1":"product","2":"type-product","3":"status-publish","4":"has-post-thumbnail","6":"product_cat-oficina","7":"product_cat-sofas-y-sillones","8":"product_tag-coalesse-es","9":"product_tag-scott-wilson-minimal-es","10":"product_tag-steelcase-es","12":"first","13":"outofstock","14":"shipping-taxable","15":"purchasable","16":"product-type-simple"},"acf":[],"aioseo_notices":[],"_links":{"self":[{"href":"https:\/\/ikonisch.pt\/es\/wp-json\/wp\/v2\/product\/19061","targetHints":{"allow":["GET"]}}],"collection":[{"href":"https:\/\/ikonisch.pt\/es\/wp-json\/wp\/v2\/product"}],"about":[{"href":"https:\/\/ikonisch.pt\/es\/wp-json\/wp\/v2\/types\/product"}],"wp:featuredmedia":[{"embeddable":true,"href":"https:\/\/ikonisch.pt\/es\/wp-json\/wp\/v2\/media\/19067"}],"wp:attachment":[{"href":"https:\/\/ikonisch.pt\/es\/wp-json\/wp\/v2\/media?parent=19061"}],"wp:term":[{"taxonomy":"product_brand","embeddable":true,"href":"https:\/\/ikonisch.pt\/es\/wp-json\/wp\/v2\/product_brand?post=19061"},{"taxonomy":"product_cat","embeddable":true,"href":"https:\/\/ikonisch.pt\/es\/wp-json\/wp\/v2\/product_cat?post=19061"},{"taxonomy":"product_tag","embeddable":true,"href":"https:\/\/ikonisch.pt\/es\/wp-json\/wp\/v2\/product_tag?post=19061"}],"curies":[{"name":"wp","href":"https:\/\/api.w.org\/{rel}","templated":true}]}}