{"id":19139,"date":"2024-02-21T13:19:48","date_gmt":"2024-02-21T13:19:49","guid":{"rendered":"https:\/\/ikonisch.pt\/?post_type=product&#038;p=19139"},"modified":"2024-10-18T13:35:32","modified_gmt":"2024-10-18T13:35:32","slug":"tipo-nombre-marca-copia-7","status":"publish","type":"product","link":"https:\/\/ikonisch.pt\/es\/produtos\/tipo-nombre-marca-copia-7\/","title":{"rendered":"Conjunto de sillas Quadri &#8211; Zanini de Zanine"},"content":{"rendered":"","protected":false},"excerpt":{"rendered":"<p>Conjunto de 6 sillas fijas realizadas \u00edntegramente en madera de Tauari marr\u00f3n, adquiridas en la tienda \u00abArquivo Contemporaneo\u00bb de R\u00edo de Janeiro en 2015. La b\u00fasqueda de simplicidad y contemporaneidad en el dise\u00f1o de las piezas mezcla y traduce el estilo de Zanini, donde las formas volum\u00e9tricas est\u00e1n talladas en la madera. Zanini de Zanine naci\u00f3 en R\u00edo de Janeiro y creci\u00f3 viendo trabajar a su padre, Jos\u00e9 Zanine Caldas. Se form\u00f3 con Sergio Rodrigues, cuando produjo su primer mueble. En 2002 se gradu\u00f3 en Dise\u00f1o Industrial por la PUC de R\u00edo. A partir de 2003, empez\u00f3 a producir muebles de madera maciza utilizando piezas de demolici\u00f3n -columnas, vigas y postes de casas antiguas-, lo que denomin\u00f3 \u00abCarpinter\u00eda Contempor\u00e1nea\u00bb. A partir de 2005, comenz\u00f3 a crear una nueva l\u00ednea de muebles con piezas producidas industrialmente, utilizando no s\u00f3lo madera de fuentes controladas, sino tambi\u00e9n diversos materiales como pl\u00e1stico, metacrilato, metales y partes de otros productos industrializados. Para representar los muebles de esta nueva l\u00ednea, Zanini cre\u00f3 Studio Zanini en 2011.<\/p>\n<p><strong>Realizamos entregas a nivel mundial. Para env\u00edos fuera de Portugal y Espa\u00f1a, por favor, cont\u00e1ctenos para recibir un presupuesto personalizado.<\/strong><\/p>\n<p>Para m\u00e1s informaci\u00f3n sobre precios, p\u00f3ngase en contacto con nosotros por correo electr\u00f3nico en\u00a0<a href=\"mailto:info@ikonisch.pt\"><strong>info@ikonisch.pt<\/strong><\/a>\u00a0o por tel\u00e9fono en el\u00a0<strong>+351 913 068 270<\/strong>.<\/p>\n","protected":false},"featured_media":31059,"template":"","meta":{"_acf_changed":false,"inline_featured_image":false},"product_brand":[],"product_cat":[689],"product_tag":[1276,1284],"class_list":{"0":"post-19139","1":"product","2":"type-product","3":"status-publish","4":"has-post-thumbnail","6":"product_cat-sillas","7":"product_tag-diseno-brasileno","8":"product_tag-zanini-de-zanine-es","10":"first","11":"instock","12":"shipping-taxable","13":"purchasable","14":"product-type-simple"},"acf":[],"aioseo_notices":[],"_links":{"self":[{"href":"https:\/\/ikonisch.pt\/es\/wp-json\/wp\/v2\/product\/19139","targetHints":{"allow":["GET"]}}],"collection":[{"href":"https:\/\/ikonisch.pt\/es\/wp-json\/wp\/v2\/product"}],"about":[{"href":"https:\/\/ikonisch.pt\/es\/wp-json\/wp\/v2\/types\/product"}],"wp:featuredmedia":[{"embeddable":true,"href":"https:\/\/ikonisch.pt\/es\/wp-json\/wp\/v2\/media\/31059"}],"wp:attachment":[{"href":"https:\/\/ikonisch.pt\/es\/wp-json\/wp\/v2\/media?parent=19139"}],"wp:term":[{"taxonomy":"product_brand","embeddable":true,"href":"https:\/\/ikonisch.pt\/es\/wp-json\/wp\/v2\/product_brand?post=19139"},{"taxonomy":"product_cat","embeddable":true,"href":"https:\/\/ikonisch.pt\/es\/wp-json\/wp\/v2\/product_cat?post=19139"},{"taxonomy":"product_tag","embeddable":true,"href":"https:\/\/ikonisch.pt\/es\/wp-json\/wp\/v2\/product_tag?post=19139"}],"curies":[{"name":"wp","href":"https:\/\/api.w.org\/{rel}","templated":true}]}}