{"id":19142,"date":"2024-02-21T13:21:48","date_gmt":"2024-02-21T13:21:48","guid":{"rendered":"https:\/\/ikonisch.pt\/?post_type=product&#038;p=19142"},"modified":"2024-02-28T14:54:50","modified_gmt":"2024-02-28T14:54:50","slug":"tipo-nombre-marca-copia-6","status":"publish","type":"product","link":"https:\/\/ikonisch.pt\/es\/produtos\/tipo-nombre-marca-copia-6\/","title":{"rendered":"Sill\u00f3n Mole &#8211; Sergio Rodrigues"},"content":{"rendered":"","protected":false},"excerpt":{"rendered":"<p>Sill\u00f3n MOLE adquirido en los a\u00f1os 70 en la tienda OCA por el dise\u00f1ador brasile\u00f1o Sergio Rodrigues. La traducci\u00f3n m\u00e1s perfecta del pensamiento de su creador, el sill\u00f3n Mole contribuy\u00f3 enormemente a la proyecci\u00f3n del dise\u00f1o brasile\u00f1o en la escena internacional. El dise\u00f1o de 1957 es a la vez innovador y aut\u00e9nticamente brasile\u00f1o. Un Garrincha de cuatro patas sorteando el racionalismo \u00abteut\u00f3nico\u00bb. Con este concepto, el sill\u00f3n Mole, creado en 1957, sigue siendo innovador hoy en d\u00eda y es una de las obras m\u00e1s importantes del siglo XX, responsable de la proyecci\u00f3n de Brasil en la escena mundial del dise\u00f1o. Fabricado en madera maciza de palisandro con remates altos y tapizado en cuero natural, este sill\u00f3n presenta una p\u00e1tina original y muestra m\u00ednimas se\u00f1ales de uso, lo que lo convierte en una pieza rara y exclusiva.<\/p>\n","protected":false},"featured_media":19256,"template":"","meta":{"_acf_changed":false,"inline_featured_image":false},"product_brand":[],"product_cat":[698,690,697],"product_tag":[1276,1275,1274],"class_list":{"0":"post-19142","1":"product","2":"type-product","3":"status-publish","4":"has-post-thumbnail","6":"product_cat-coleccion-vintage","7":"product_cat-hogar","8":"product_cat-sofas-y-sillones","9":"product_tag-diseno-brasileno","10":"product_tag-oca-es","11":"product_tag-sergio-rodrigues-es","13":"first","14":"outofstock","15":"shipping-taxable","16":"purchasable","17":"product-type-simple"},"acf":[],"aioseo_notices":[],"_links":{"self":[{"href":"https:\/\/ikonisch.pt\/es\/wp-json\/wp\/v2\/product\/19142","targetHints":{"allow":["GET"]}}],"collection":[{"href":"https:\/\/ikonisch.pt\/es\/wp-json\/wp\/v2\/product"}],"about":[{"href":"https:\/\/ikonisch.pt\/es\/wp-json\/wp\/v2\/types\/product"}],"wp:featuredmedia":[{"embeddable":true,"href":"https:\/\/ikonisch.pt\/es\/wp-json\/wp\/v2\/media\/19256"}],"wp:attachment":[{"href":"https:\/\/ikonisch.pt\/es\/wp-json\/wp\/v2\/media?parent=19142"}],"wp:term":[{"taxonomy":"product_brand","embeddable":true,"href":"https:\/\/ikonisch.pt\/es\/wp-json\/wp\/v2\/product_brand?post=19142"},{"taxonomy":"product_cat","embeddable":true,"href":"https:\/\/ikonisch.pt\/es\/wp-json\/wp\/v2\/product_cat?post=19142"},{"taxonomy":"product_tag","embeddable":true,"href":"https:\/\/ikonisch.pt\/es\/wp-json\/wp\/v2\/product_tag?post=19142"}],"curies":[{"name":"wp","href":"https:\/\/api.w.org\/{rel}","templated":true}]}}