{"id":19543,"date":"2024-03-08T16:45:08","date_gmt":"2024-03-08T16:45:08","guid":{"rendered":"https:\/\/ikonisch.pt\/?post_type=product&#038;p=19543"},"modified":"2024-03-11T16:47:40","modified_gmt":"2024-03-11T16:47:40","slug":"tipo-nombre-marca-copia-12","status":"publish","type":"product","link":"https:\/\/ikonisch.pt\/es\/produtos\/tipo-nombre-marca-copia-12\/","title":{"rendered":"Mesa de Trabajo Trestle &#8211; Viccarbe"},"content":{"rendered":"","protected":false},"excerpt":{"rendered":"<p>Mesa de trabajo nueva, sin usar, de 2000&#215;900 mm con caja central extra\u00edble para el paso de cables y riel de soporte inferior para cables y tomas el\u00e9ctricas. Un escritorio de sistema minimalista dise\u00f1ado por John Pawson que fomenta la colaboraci\u00f3n y la creatividad entre los usuarios. \u00abTrestle\u00bb es funcional y visualmente ligero, actuando como pieza central en salas de reuniones y espacios de colaboraci\u00f3n.<\/p>\n","protected":false},"featured_media":19712,"template":"","meta":{"_acf_changed":false,"inline_featured_image":false},"product_brand":[],"product_cat":[691],"product_tag":[1305,845],"class_list":{"0":"post-19543","1":"product","2":"type-product","3":"status-publish","4":"has-post-thumbnail","6":"product_cat-oficina","7":"product_tag-john-pawson-es","8":"product_tag-viccarbe-es","10":"first","11":"outofstock","12":"shipping-taxable","13":"purchasable","14":"product-type-simple"},"acf":[],"aioseo_notices":[],"_links":{"self":[{"href":"https:\/\/ikonisch.pt\/es\/wp-json\/wp\/v2\/product\/19543","targetHints":{"allow":["GET"]}}],"collection":[{"href":"https:\/\/ikonisch.pt\/es\/wp-json\/wp\/v2\/product"}],"about":[{"href":"https:\/\/ikonisch.pt\/es\/wp-json\/wp\/v2\/types\/product"}],"wp:featuredmedia":[{"embeddable":true,"href":"https:\/\/ikonisch.pt\/es\/wp-json\/wp\/v2\/media\/19712"}],"wp:attachment":[{"href":"https:\/\/ikonisch.pt\/es\/wp-json\/wp\/v2\/media?parent=19543"}],"wp:term":[{"taxonomy":"product_brand","embeddable":true,"href":"https:\/\/ikonisch.pt\/es\/wp-json\/wp\/v2\/product_brand?post=19543"},{"taxonomy":"product_cat","embeddable":true,"href":"https:\/\/ikonisch.pt\/es\/wp-json\/wp\/v2\/product_cat?post=19543"},{"taxonomy":"product_tag","embeddable":true,"href":"https:\/\/ikonisch.pt\/es\/wp-json\/wp\/v2\/product_tag?post=19543"}],"curies":[{"name":"wp","href":"https:\/\/api.w.org\/{rel}","templated":true}]}}