{"id":20148,"date":"2024-03-20T13:02:08","date_gmt":"2024-03-20T13:02:09","guid":{"rendered":"https:\/\/ikonisch.pt\/?post_type=product&#038;p=20148"},"modified":"2024-04-19T10:43:58","modified_gmt":"2024-04-19T10:43:58","slug":"tipo-nombre-marca-copia-16","status":"publish","type":"product","link":"https:\/\/ikonisch.pt\/es\/produtos\/tipo-nombre-marca-copia-16\/","title":{"rendered":"Pintura \u00ab&#8230;Time runs out through us.\u00bb, 2006 de Nuno Raminhos"},"content":{"rendered":"","protected":false},"excerpt":{"rendered":"<p>Lienzo acr\u00edlico original sobre tela con el nombre \u00ab&#8230;Time runs out through us.\u00bb de 2006, 100&#215;150. Nuno Raminhos naci\u00f3 en 1971 en Vila Nova de Gaia. Es licenciado en Pintura por la Facultad de Bellas Artes de la Universidad de Oporto (FBAUP) y ha realizado exposiciones individuales y colectivas desde 1999 en diversas galer\u00edas nacionales e internacionales. La obra de Nuno Raminhos se configura como un claro horizonte personal, una gr\u00e1fica simb\u00f3lica que combina el c\u00f3mic con la pintura. Son lo contrario de la resignaci\u00f3n: optimistas y triunfantes, una invitaci\u00f3n al debate&#8230;<\/p>\n","protected":false},"featured_media":20196,"template":"","meta":{"_acf_changed":false,"inline_featured_image":false},"product_brand":[],"product_cat":[686],"product_tag":[1360,1358,1359],"class_list":{"0":"post-20148","1":"product","2":"type-product","3":"status-publish","4":"has-post-thumbnail","6":"product_cat-accesorios","7":"product_tag-acrilico-sobre-tela-es","8":"product_tag-nuno-raminhos-es","9":"product_tag-obra-de-arte-es","11":"first","12":"outofstock","13":"shipping-taxable","14":"purchasable","15":"product-type-simple"},"acf":[],"aioseo_notices":[],"_links":{"self":[{"href":"https:\/\/ikonisch.pt\/es\/wp-json\/wp\/v2\/product\/20148","targetHints":{"allow":["GET"]}}],"collection":[{"href":"https:\/\/ikonisch.pt\/es\/wp-json\/wp\/v2\/product"}],"about":[{"href":"https:\/\/ikonisch.pt\/es\/wp-json\/wp\/v2\/types\/product"}],"wp:featuredmedia":[{"embeddable":true,"href":"https:\/\/ikonisch.pt\/es\/wp-json\/wp\/v2\/media\/20196"}],"wp:attachment":[{"href":"https:\/\/ikonisch.pt\/es\/wp-json\/wp\/v2\/media?parent=20148"}],"wp:term":[{"taxonomy":"product_brand","embeddable":true,"href":"https:\/\/ikonisch.pt\/es\/wp-json\/wp\/v2\/product_brand?post=20148"},{"taxonomy":"product_cat","embeddable":true,"href":"https:\/\/ikonisch.pt\/es\/wp-json\/wp\/v2\/product_cat?post=20148"},{"taxonomy":"product_tag","embeddable":true,"href":"https:\/\/ikonisch.pt\/es\/wp-json\/wp\/v2\/product_tag?post=20148"}],"curies":[{"name":"wp","href":"https:\/\/api.w.org\/{rel}","templated":true}]}}