{"id":20311,"date":"2024-03-22T11:58:14","date_gmt":"2024-03-22T11:58:15","guid":{"rendered":"https:\/\/ikonisch.pt\/?post_type=product&#038;p=20311"},"modified":"2024-03-22T12:49:00","modified_gmt":"2024-03-22T12:49:00","slug":"sillon-i2i-steelcase-copia","status":"publish","type":"product","link":"https:\/\/ikonisch.pt\/es\/produtos\/sillon-i2i-steelcase-copia\/","title":{"rendered":"Conjunto de sill\u00f3n y mesa de centro i2i &#8211; Steelcase"},"content":{"rendered":"<p>Steelcase es una empresa l\u00edder mundial de mobiliario met\u00e1lico con sede en Estados Unidos y fundada en 1912 en Grand Rapids, Michigan. La empresa fabrica mobiliario de oficina y productos arquitect\u00f3nicos y tecnol\u00f3gicos para entornos de oficina y los sectores educativo, sanitario y minorista. Es el mayor fabricante de mobiliario de oficina del mundo. La empresa est\u00e1 presente en alrededor de 80 pa\u00edses y cuenta con 11.000 empleados en todo el mundo.<\/p>\n","protected":false},"excerpt":{"rendered":"<p>Conjunto de 2 sillones y 1 mesa de centro modelo i2i dise\u00f1ado por Thomas Overthun de IDEO:<\/p>\n<p>&#8211; 2 sillones individuales, con reposabrazos, giratorios. Respaldo de PP con revestimiento de malla ventilada y asiento con coj\u00edn giratorio de espuma moldeada revestida de tela gris. Base central giratoria de aluminio pulido. Un sill\u00f3n tiene 2 ruedas en la base.<\/p>\n<p>&#8211; 1 Mesa auxiliar con tablero redondo de 810 mm de di\u00e1metro en melamina blanca con estructura de pie central cromada y base de estrella de la serie i2i de Steelcase.<\/p>\n","protected":false},"featured_media":20314,"template":"","meta":{"_acf_changed":false,"inline_featured_image":false},"product_brand":[],"product_cat":[691,697],"product_tag":[1381,831,1380],"class_list":{"0":"post-20311","1":"product","2":"type-product","3":"status-publish","4":"has-post-thumbnail","6":"product_cat-oficina","7":"product_cat-sofas-y-sillones","8":"product_tag-ideo-es","9":"product_tag-steelcase-es","10":"product_tag-thomas-overthun-es","12":"first","13":"outofstock","14":"shipping-taxable","15":"purchasable","16":"product-type-simple"},"acf":[],"aioseo_notices":[],"_links":{"self":[{"href":"https:\/\/ikonisch.pt\/es\/wp-json\/wp\/v2\/product\/20311","targetHints":{"allow":["GET"]}}],"collection":[{"href":"https:\/\/ikonisch.pt\/es\/wp-json\/wp\/v2\/product"}],"about":[{"href":"https:\/\/ikonisch.pt\/es\/wp-json\/wp\/v2\/types\/product"}],"wp:featuredmedia":[{"embeddable":true,"href":"https:\/\/ikonisch.pt\/es\/wp-json\/wp\/v2\/media\/20314"}],"wp:attachment":[{"href":"https:\/\/ikonisch.pt\/es\/wp-json\/wp\/v2\/media?parent=20311"}],"wp:term":[{"taxonomy":"product_brand","embeddable":true,"href":"https:\/\/ikonisch.pt\/es\/wp-json\/wp\/v2\/product_brand?post=20311"},{"taxonomy":"product_cat","embeddable":true,"href":"https:\/\/ikonisch.pt\/es\/wp-json\/wp\/v2\/product_cat?post=20311"},{"taxonomy":"product_tag","embeddable":true,"href":"https:\/\/ikonisch.pt\/es\/wp-json\/wp\/v2\/product_tag?post=20311"}],"curies":[{"name":"wp","href":"https:\/\/api.w.org\/{rel}","templated":true}]}}