{"id":20620,"date":"2024-04-09T09:47:01","date_gmt":"2024-04-09T09:47:01","guid":{"rendered":"https:\/\/ikonisch.pt\/?post_type=product&#038;p=20620"},"modified":"2024-04-09T11:11:19","modified_gmt":"2024-04-09T11:11:19","slug":"tipo-nombre-marca-copia-copia-2","status":"publish","type":"product","link":"https:\/\/ikonisch.pt\/es\/produtos\/tipo-nombre-marca-copia-copia-2\/","title":{"rendered":"Sill\u00f3n Cit\u00e9 &#8211; Vitra"},"content":{"rendered":"","protected":false},"excerpt":{"rendered":"<p>El sill\u00f3n Cit\u00e9 dise\u00f1ado por Jean Prouv\u00e9 fue concebido para un concurso destinado a equipar las residencias de estudiantes CIT\u00c9 Universitaire de Nancy. El sill\u00f3n Cit\u00e9 es una de las primeras obras maestras de Jean Prouv\u00e9. El propio Prouv\u00e9 utiliz\u00f3 este sill\u00f3n de aspecto din\u00e1mico en el sal\u00f3n de su propia casa. Sus generosas dimensiones y su acogedor tapizado contribuyen al gran confort del CIT\u00c9.<br \/>\nEl sill\u00f3n de trineo de tela con reposacabezas tiene una base de acero curvado con recubrimiento de polvo y anchas correas de cuero en los reposabrazos.<br \/>\nAltura del asiento: 33,5 cm<\/p>\n","protected":false},"featured_media":20623,"template":"","meta":{"_acf_changed":false,"inline_featured_image":false},"product_brand":[],"product_cat":[698,697],"product_tag":[1227,848],"class_list":{"0":"post-20620","1":"product","2":"type-product","3":"status-publish","4":"has-post-thumbnail","6":"product_cat-coleccion-vintage","7":"product_cat-sofas-y-sillones","8":"product_tag-jean-prouve-es","9":"product_tag-vitra-es","11":"first","12":"outofstock","13":"shipping-taxable","14":"purchasable","15":"product-type-simple"},"acf":[],"aioseo_notices":[],"_links":{"self":[{"href":"https:\/\/ikonisch.pt\/es\/wp-json\/wp\/v2\/product\/20620","targetHints":{"allow":["GET"]}}],"collection":[{"href":"https:\/\/ikonisch.pt\/es\/wp-json\/wp\/v2\/product"}],"about":[{"href":"https:\/\/ikonisch.pt\/es\/wp-json\/wp\/v2\/types\/product"}],"wp:featuredmedia":[{"embeddable":true,"href":"https:\/\/ikonisch.pt\/es\/wp-json\/wp\/v2\/media\/20623"}],"wp:attachment":[{"href":"https:\/\/ikonisch.pt\/es\/wp-json\/wp\/v2\/media?parent=20620"}],"wp:term":[{"taxonomy":"product_brand","embeddable":true,"href":"https:\/\/ikonisch.pt\/es\/wp-json\/wp\/v2\/product_brand?post=20620"},{"taxonomy":"product_cat","embeddable":true,"href":"https:\/\/ikonisch.pt\/es\/wp-json\/wp\/v2\/product_cat?post=20620"},{"taxonomy":"product_tag","embeddable":true,"href":"https:\/\/ikonisch.pt\/es\/wp-json\/wp\/v2\/product_tag?post=20620"}],"curies":[{"name":"wp","href":"https:\/\/api.w.org\/{rel}","templated":true}]}}