{"id":21203,"date":"2024-04-10T11:31:53","date_gmt":"2024-04-10T11:31:54","guid":{"rendered":"https:\/\/ikonisch.pt\/?post_type=product&#038;p=21203"},"modified":"2024-04-10T11:52:36","modified_gmt":"2024-04-10T11:52:36","slug":"silla-611-artek-copia","status":"publish","type":"product","link":"https:\/\/ikonisch.pt\/es\/produtos\/silla-611-artek-copia\/","title":{"rendered":"Silla 611 &#8211; Artek"},"content":{"rendered":"","protected":false},"excerpt":{"rendered":"<p>La Silla 611 es un cl\u00e1sico atemporal del dise\u00f1o moderno, creado por el legendario arquitecto y dise\u00f1ador finland\u00e9s Alvar Aalto para Artek. Esta silla es una verdadera expresi\u00f3n de elegante sencillez y funcionalidad. Con una estructura curvil\u00ednea de madera laminada, la Silla 611 es un notable ejemplo de la habilidad de Aalto para trabajar con materiales naturales para crear formas org\u00e1nicas y ergon\u00f3micas. Su respaldo inclinado y su amplio asiento ofrecen un confort excepcional, mientras que su est\u00e9tica minimalista se integra perfectamente en una gran variedad de ambientes, desde residenciales a comerciales. Fabricada con materiales de alta calidad y un meticuloso trabajo artesanal, la Silla 611 es una elecci\u00f3n duradera para quienes valoran el dise\u00f1o aut\u00e9ntico y atemporal.<\/p>\n<p>Altura del asiento: 42,5 cm<\/p>\n<p>Atenci\u00f3n: Precio unitario.<\/p>\n","protected":false},"featured_media":21371,"template":"","meta":{"_acf_changed":false,"inline_featured_image":false},"product_brand":[],"product_cat":[698,689],"product_tag":[1417,713],"class_list":{"0":"post-21203","1":"product","2":"type-product","3":"status-publish","4":"has-post-thumbnail","6":"product_cat-coleccion-vintage","7":"product_cat-sillas","8":"product_tag-alvar-aalto-es","9":"product_tag-artek-es","11":"first","12":"outofstock","13":"shipping-taxable","14":"purchasable","15":"product-type-simple"},"acf":[],"aioseo_notices":[],"_links":{"self":[{"href":"https:\/\/ikonisch.pt\/es\/wp-json\/wp\/v2\/product\/21203","targetHints":{"allow":["GET"]}}],"collection":[{"href":"https:\/\/ikonisch.pt\/es\/wp-json\/wp\/v2\/product"}],"about":[{"href":"https:\/\/ikonisch.pt\/es\/wp-json\/wp\/v2\/types\/product"}],"wp:featuredmedia":[{"embeddable":true,"href":"https:\/\/ikonisch.pt\/es\/wp-json\/wp\/v2\/media\/21371"}],"wp:attachment":[{"href":"https:\/\/ikonisch.pt\/es\/wp-json\/wp\/v2\/media?parent=21203"}],"wp:term":[{"taxonomy":"product_brand","embeddable":true,"href":"https:\/\/ikonisch.pt\/es\/wp-json\/wp\/v2\/product_brand?post=21203"},{"taxonomy":"product_cat","embeddable":true,"href":"https:\/\/ikonisch.pt\/es\/wp-json\/wp\/v2\/product_cat?post=21203"},{"taxonomy":"product_tag","embeddable":true,"href":"https:\/\/ikonisch.pt\/es\/wp-json\/wp\/v2\/product_tag?post=21203"}],"curies":[{"name":"wp","href":"https:\/\/api.w.org\/{rel}","templated":true}]}}