{"id":21558,"date":"2024-04-12T14:46:15","date_gmt":"2024-04-12T14:46:15","guid":{"rendered":"https:\/\/ikonisch.pt\/?post_type=product&#038;p=21558"},"modified":"2025-02-24T12:01:08","modified_gmt":"2025-02-24T12:01:08","slug":"tipo-nome-brand-copia-3","status":"publish","type":"product","link":"https:\/\/ikonisch.pt\/es\/produtos\/tipo-nome-brand-copia-3\/","title":{"rendered":"Silla Mirra 2 &#8211; Herman Miller"},"content":{"rendered":"","protected":false},"excerpt":{"rendered":"<p>Silla de oficina Herman Miller Mirra 2 con estructura de aluminio pintado, reposabrazos ajustables y soporte lumbar ajustable postrure fit, base de cinco radios, respaldo Butterfly que mezcla una capa de tejido con vetas de pol\u00edmero para crear una estructura h\u00edbrida y din\u00e1mica que act\u00faa como membrana de suspensi\u00f3n.<\/p>\n<p>\u2055 Garant\u00eda de 5 a\u00f1os.<br \/>\n\u2055 Plazo de entrega: de 5 a 10 d\u00edas laborables.<\/p>\n<p><strong>Realizamos entregas a nivel mundial. Para env\u00edos fuera de Portugal y Espa\u00f1a, por favor, cont\u00e1ctenos para recibir un presupuesto personalizado.<\/strong><\/p>\n<p>Para m\u00e1s informaci\u00f3n sobre precios, p\u00f3ngase en contacto con nosotros por correo electr\u00f3nico en\u00a0<a href=\"mailto:info@ikonisch.pt\"><strong>info@ikonisch.pt<\/strong><\/a>\u00a0o por tel\u00e9fono en el\u00a0<strong>+351 913 068 270<\/strong>.<\/p>\n","protected":false},"featured_media":21561,"template":"","meta":{"_acf_changed":false,"inline_featured_image":false},"product_brand":[],"product_cat":[691],"product_tag":[763,1318],"class_list":{"0":"post-21558","1":"product","2":"type-product","3":"status-publish","4":"has-post-thumbnail","6":"product_cat-oficina","7":"product_tag-herman-miller-es","8":"product_tag-studio-7-5-es","10":"first","11":"outofstock","12":"shipping-taxable","13":"purchasable","14":"product-type-simple"},"acf":[],"aioseo_notices":[],"_links":{"self":[{"href":"https:\/\/ikonisch.pt\/es\/wp-json\/wp\/v2\/product\/21558","targetHints":{"allow":["GET"]}}],"collection":[{"href":"https:\/\/ikonisch.pt\/es\/wp-json\/wp\/v2\/product"}],"about":[{"href":"https:\/\/ikonisch.pt\/es\/wp-json\/wp\/v2\/types\/product"}],"wp:featuredmedia":[{"embeddable":true,"href":"https:\/\/ikonisch.pt\/es\/wp-json\/wp\/v2\/media\/21561"}],"wp:attachment":[{"href":"https:\/\/ikonisch.pt\/es\/wp-json\/wp\/v2\/media?parent=21558"}],"wp:term":[{"taxonomy":"product_brand","embeddable":true,"href":"https:\/\/ikonisch.pt\/es\/wp-json\/wp\/v2\/product_brand?post=21558"},{"taxonomy":"product_cat","embeddable":true,"href":"https:\/\/ikonisch.pt\/es\/wp-json\/wp\/v2\/product_cat?post=21558"},{"taxonomy":"product_tag","embeddable":true,"href":"https:\/\/ikonisch.pt\/es\/wp-json\/wp\/v2\/product_tag?post=21558"}],"curies":[{"name":"wp","href":"https:\/\/api.w.org\/{rel}","templated":true}]}}