{"id":21901,"date":"2024-04-17T14:19:16","date_gmt":"2024-04-17T14:19:17","guid":{"rendered":"https:\/\/ikonisch.pt\/?post_type=product&#038;p=21901"},"modified":"2024-10-18T13:31:07","modified_gmt":"2024-10-18T13:31:07","slug":"tipo-nome-brand-copia-copia","status":"publish","type":"product","link":"https:\/\/ikonisch.pt\/es\/produtos\/tipo-nome-brand-copia-copia\/","title":{"rendered":"Cama modelo Dream Bed &#8211; Poliform"},"content":{"rendered":"","protected":false},"excerpt":{"rendered":"<p>La cama doble modelo DREAM de Poliform ha sido dise\u00f1ada por Marcel Wanders. Llamarla simplemente cama no le hace justicia. Se trata de un sistema que ofrece un espacio de descanso original y personalizado. Con un somier fijo y un juego de barandillas laterales tapizadas con fundas de tela desenfundables, un cabecero doble de poliuretano flexible tapizado con fundas desenfundables del mismo tejido.<\/p>\n<p>La funda perimetral de tela desenfundable tiene algunas manchas.<\/p>\n<p>Altura del cabecero: 54 cm.<\/p>\n<p>La cama tiene capacidad para un colch\u00f3n de 160&#215;200 cm.<br \/>\nNota: no incluye colch\u00f3n, almohadas ni s\u00e1banas. La imagen es puramente ilustrativa.<\/p>\n<p><strong>Realizamos entregas a nivel mundial. Para env\u00edos fuera de Portugal y Espa\u00f1a, por favor, cont\u00e1ctenos para recibir un presupuesto personalizado.<\/strong><\/p>\n<p>Para m\u00e1s informaci\u00f3n sobre precios, p\u00f3ngase en contacto con nosotros por correo electr\u00f3nico en\u00a0<a href=\"mailto:info@ikonisch.pt\"><strong>info@ikonisch.pt<\/strong><\/a>\u00a0o por tel\u00e9fono en el\u00a0<strong>+351 913 068 270<\/strong>.<\/p>\n","protected":false},"featured_media":21995,"template":"","meta":{"_acf_changed":false,"inline_featured_image":false},"product_brand":[],"product_cat":[690],"product_tag":[1148,1104],"class_list":{"0":"post-21901","1":"product","2":"type-product","3":"status-publish","4":"has-post-thumbnail","6":"product_cat-hogar","7":"product_tag-marcel-wanders-es","8":"product_tag-poliform-es","10":"first","11":"instock","12":"shipping-taxable","13":"purchasable","14":"product-type-simple"},"acf":[],"aioseo_notices":[],"_links":{"self":[{"href":"https:\/\/ikonisch.pt\/es\/wp-json\/wp\/v2\/product\/21901","targetHints":{"allow":["GET"]}}],"collection":[{"href":"https:\/\/ikonisch.pt\/es\/wp-json\/wp\/v2\/product"}],"about":[{"href":"https:\/\/ikonisch.pt\/es\/wp-json\/wp\/v2\/types\/product"}],"wp:featuredmedia":[{"embeddable":true,"href":"https:\/\/ikonisch.pt\/es\/wp-json\/wp\/v2\/media\/21995"}],"wp:attachment":[{"href":"https:\/\/ikonisch.pt\/es\/wp-json\/wp\/v2\/media?parent=21901"}],"wp:term":[{"taxonomy":"product_brand","embeddable":true,"href":"https:\/\/ikonisch.pt\/es\/wp-json\/wp\/v2\/product_brand?post=21901"},{"taxonomy":"product_cat","embeddable":true,"href":"https:\/\/ikonisch.pt\/es\/wp-json\/wp\/v2\/product_cat?post=21901"},{"taxonomy":"product_tag","embeddable":true,"href":"https:\/\/ikonisch.pt\/es\/wp-json\/wp\/v2\/product_tag?post=21901"}],"curies":[{"name":"wp","href":"https:\/\/api.w.org\/{rel}","templated":true}]}}