{"id":22169,"date":"2024-04-19T10:32:08","date_gmt":"2024-04-19T10:32:09","guid":{"rendered":"https:\/\/ikonisch.pt\/?post_type=product&#038;p=22169"},"modified":"2024-10-18T13:30:17","modified_gmt":"2024-10-18T13:30:17","slug":"pintura-time-runs-out-through-us-2006-de-nuno-raminhos-copia","status":"publish","type":"product","link":"https:\/\/ikonisch.pt\/es\/produtos\/pintura-time-runs-out-through-us-2006-de-nuno-raminhos-copia\/","title":{"rendered":"Tr\u00edptico \u00abBallet\u00bb, serie Ballerina 2018 &#8211; Edici\u00f3n 2 de 4 + 2 AP de M\u00f3nica de Miranda"},"content":{"rendered":"","protected":false},"excerpt":{"rendered":"<p>Conjunto de 3 marcos de formato fotogr\u00e1fico, impresos t\u00e9cnicamente sobre papel de algod\u00f3n de medidas 267 x 74 (1 x 75&#215;80 + 2 x 105&#215;80) con marco blanco, titulado \u00abBallet\u00bb de la serie \u00abBallerina\u00bb de 2018 con una edici\u00f3n 2 de 4 + 2AP de la artista M\u00f3nica de Miranda. Conjunto original con certificado de autenticidad de la artista.<\/p>\n<p><strong>Realizamos entregas a nivel mundial. Para env\u00edos fuera de Portugal y Espa\u00f1a, por favor, cont\u00e1ctenos para recibir un presupuesto personalizado.<\/strong><\/p>\n<p>Para m\u00e1s informaci\u00f3n sobre precios, p\u00f3ngase en contacto con nosotros por correo electr\u00f3nico en\u00a0<a href=\"mailto:info@ikonisch.pt\"><strong>info@ikonisch.pt<\/strong><\/a>\u00a0o por tel\u00e9fono en el\u00a0<strong>+351 913 068 270<\/strong>.<\/p>\n","protected":false},"featured_media":22172,"template":"","meta":{"_acf_changed":false,"inline_featured_image":false},"product_brand":[],"product_cat":[686],"product_tag":[1511,1510,1359],"class_list":{"0":"post-22169","1":"product","2":"type-product","3":"status-publish","4":"has-post-thumbnail","6":"product_cat-accesorios","7":"product_tag-impresion-inkjet","8":"product_tag-monica-de-miranda-es","9":"product_tag-obra-de-arte-es","11":"first","12":"instock","13":"shipping-taxable","14":"purchasable","15":"product-type-simple"},"acf":[],"aioseo_notices":[],"_links":{"self":[{"href":"https:\/\/ikonisch.pt\/es\/wp-json\/wp\/v2\/product\/22169","targetHints":{"allow":["GET"]}}],"collection":[{"href":"https:\/\/ikonisch.pt\/es\/wp-json\/wp\/v2\/product"}],"about":[{"href":"https:\/\/ikonisch.pt\/es\/wp-json\/wp\/v2\/types\/product"}],"wp:featuredmedia":[{"embeddable":true,"href":"https:\/\/ikonisch.pt\/es\/wp-json\/wp\/v2\/media\/22172"}],"wp:attachment":[{"href":"https:\/\/ikonisch.pt\/es\/wp-json\/wp\/v2\/media?parent=22169"}],"wp:term":[{"taxonomy":"product_brand","embeddable":true,"href":"https:\/\/ikonisch.pt\/es\/wp-json\/wp\/v2\/product_brand?post=22169"},{"taxonomy":"product_cat","embeddable":true,"href":"https:\/\/ikonisch.pt\/es\/wp-json\/wp\/v2\/product_cat?post=22169"},{"taxonomy":"product_tag","embeddable":true,"href":"https:\/\/ikonisch.pt\/es\/wp-json\/wp\/v2\/product_tag?post=22169"}],"curies":[{"name":"wp","href":"https:\/\/api.w.org\/{rel}","templated":true}]}}