{"id":22225,"date":"2024-04-22T15:57:29","date_gmt":"2024-04-22T15:57:30","guid":{"rendered":"https:\/\/ikonisch.pt\/?post_type=product&#038;p=22225"},"modified":"2024-04-22T16:50:46","modified_gmt":"2024-04-22T16:50:46","slug":"tipo-nome-brand-copia-9","status":"publish","type":"product","link":"https:\/\/ikonisch.pt\/es\/produtos\/tipo-nome-brand-copia-9\/","title":{"rendered":"Sof\u00e1 George &#8211; B&amp;B Italia"},"content":{"rendered":"","protected":false},"excerpt":{"rendered":"<p>El sof\u00e1 triple George de B&amp;B Italia, dise\u00f1ado por Antonio Citterio para B&amp;B Italia Project, es un sof\u00e1 con cojines de asiento y respaldo acolchados en poliuretano de densidad mixta y fibra de poli\u00e9ster. Estructura de soporte de aluminio. Tapizado en tejido blanco nuevo.<\/p>\n","protected":false},"featured_media":22228,"template":"","meta":{"_acf_changed":false,"inline_featured_image":false},"product_brand":[],"product_cat":[697],"product_tag":[709,718],"class_list":{"0":"post-22225","1":"product","2":"type-product","3":"status-publish","4":"has-post-thumbnail","6":"product_cat-sofas-y-sillones","7":"product_tag-antonio-citterio-es","8":"product_tag-bb-italia-es","10":"first","11":"outofstock","12":"shipping-taxable","13":"purchasable","14":"product-type-simple"},"acf":[],"aioseo_notices":[],"_links":{"self":[{"href":"https:\/\/ikonisch.pt\/es\/wp-json\/wp\/v2\/product\/22225","targetHints":{"allow":["GET"]}}],"collection":[{"href":"https:\/\/ikonisch.pt\/es\/wp-json\/wp\/v2\/product"}],"about":[{"href":"https:\/\/ikonisch.pt\/es\/wp-json\/wp\/v2\/types\/product"}],"wp:featuredmedia":[{"embeddable":true,"href":"https:\/\/ikonisch.pt\/es\/wp-json\/wp\/v2\/media\/22228"}],"wp:attachment":[{"href":"https:\/\/ikonisch.pt\/es\/wp-json\/wp\/v2\/media?parent=22225"}],"wp:term":[{"taxonomy":"product_brand","embeddable":true,"href":"https:\/\/ikonisch.pt\/es\/wp-json\/wp\/v2\/product_brand?post=22225"},{"taxonomy":"product_cat","embeddable":true,"href":"https:\/\/ikonisch.pt\/es\/wp-json\/wp\/v2\/product_cat?post=22225"},{"taxonomy":"product_tag","embeddable":true,"href":"https:\/\/ikonisch.pt\/es\/wp-json\/wp\/v2\/product_tag?post=22225"}],"curies":[{"name":"wp","href":"https:\/\/api.w.org\/{rel}","templated":true}]}}