{"id":22348,"date":"2024-04-23T10:21:02","date_gmt":"2024-04-23T10:21:03","guid":{"rendered":"https:\/\/ikonisch.pt\/?post_type=product&#038;p=22348"},"modified":"2024-07-15T10:22:30","modified_gmt":"2024-07-15T10:22:30","slug":"tipo-nome-brand-copia-11","status":"publish","type":"product","link":"https:\/\/ikonisch.pt\/es\/produtos\/tipo-nome-brand-copia-11\/","title":{"rendered":"Sof\u00e1 Amoenus Soft &#8211; Maxalto"},"content":{"rendered":"","protected":false},"excerpt":{"rendered":"<p>El sof\u00e1 dise\u00f1ado por Antonio Citterio para la gama Amoenus Soft de Maxalto es el sof\u00e1 de dise\u00f1o perfecto para quienes buscan el arte de la relajaci\u00f3n. Caracterizado por un alto confort y una innegable belleza est\u00e9tica, Amoenus Soft ofrece una experiencia de asiento incomparable. Con su estructura lineal y sus elementos modulares, Amoenus Soft se adapta perfectamente a cualquier entorno, enriqueci\u00e9ndolo con elegancia y estilo.<\/p>\n<p>Espuma flexible de poliuretano moldeado en fr\u00edo Bayfit\u00ae, poliuretano moldeado, revestimiento de fibra de poli\u00e9ster<\/p>\n<p>Para m\u00e1s informaci\u00f3n sobre precios, p\u00f3ngase en contacto con nosotros por correo electr\u00f3nico en\u00a0<a href=\"mailto:info@ikonisch.pt\"><strong>info@ikonisch.pt<\/strong><\/a>\u00a0o por tel\u00e9fono en el\u00a0<strong>+351 913 068 270<\/strong>.<\/p>\n","protected":false},"featured_media":22564,"template":"","meta":{"_acf_changed":false,"inline_featured_image":false},"product_brand":[],"product_cat":[690,697],"product_tag":[709,795],"class_list":{"0":"post-22348","1":"product","2":"type-product","3":"status-publish","4":"has-post-thumbnail","6":"product_cat-hogar","7":"product_cat-sofas-y-sillones","8":"product_tag-antonio-citterio-es","9":"product_tag-maxalto-es","11":"first","12":"outofstock","13":"shipping-taxable","14":"product-type-simple"},"acf":[],"aioseo_notices":[],"_links":{"self":[{"href":"https:\/\/ikonisch.pt\/es\/wp-json\/wp\/v2\/product\/22348","targetHints":{"allow":["GET"]}}],"collection":[{"href":"https:\/\/ikonisch.pt\/es\/wp-json\/wp\/v2\/product"}],"about":[{"href":"https:\/\/ikonisch.pt\/es\/wp-json\/wp\/v2\/types\/product"}],"wp:featuredmedia":[{"embeddable":true,"href":"https:\/\/ikonisch.pt\/es\/wp-json\/wp\/v2\/media\/22564"}],"wp:attachment":[{"href":"https:\/\/ikonisch.pt\/es\/wp-json\/wp\/v2\/media?parent=22348"}],"wp:term":[{"taxonomy":"product_brand","embeddable":true,"href":"https:\/\/ikonisch.pt\/es\/wp-json\/wp\/v2\/product_brand?post=22348"},{"taxonomy":"product_cat","embeddable":true,"href":"https:\/\/ikonisch.pt\/es\/wp-json\/wp\/v2\/product_cat?post=22348"},{"taxonomy":"product_tag","embeddable":true,"href":"https:\/\/ikonisch.pt\/es\/wp-json\/wp\/v2\/product_tag?post=22348"}],"curies":[{"name":"wp","href":"https:\/\/api.w.org\/{rel}","templated":true}]}}