{"id":22526,"date":"2024-04-26T10:07:57","date_gmt":"2024-04-26T10:07:57","guid":{"rendered":"https:\/\/ikonisch.pt\/?post_type=product&#038;p=22526"},"modified":"2024-10-18T13:27:25","modified_gmt":"2024-10-18T13:27:25","slug":"tipo-nome-brand-copia-15","status":"publish","type":"product","link":"https:\/\/ikonisch.pt\/es\/produtos\/tipo-nome-brand-copia-15\/","title":{"rendered":"L\u00e1mpara de mesa Contina &#8211; Nordlux"},"content":{"rendered":"","protected":false},"excerpt":{"rendered":"<p>La l\u00e1mpara de mesa Contina tiene un estilo art d\u00e9co contempor\u00e1neo y combina un dise\u00f1o atractivo y funcionalidad, con detalles cuidadosamente seleccionados que hacen que la serie destaque y sea \u00fanica. La estructura ligera se complementa con una c\u00fapula esf\u00e9rica de cristal opal blanco que oculta la fuente de luz y difunde una luz suave y sin deslumbramientos por la habitaci\u00f3n.<br \/>\nEs una moderna l\u00e1mpara de sobremesa de metal negro mate con diversas funcionalidades y aplicaciones. La cabeza de la l\u00e1mpara se puede girar hacia ambos lados y, al mismo tiempo, la parte superior de la estructura se puede ajustar hacia arriba y hacia abajo.<br \/>\nCasquillo de la l\u00e1mpara: G9<br \/>\nTenga en cuenta que la bombilla no est\u00e1 incluida en este producto<\/p>\n<p><strong>Realizamos entregas a nivel mundial. Para env\u00edos fuera de Portugal y Espa\u00f1a, por favor, cont\u00e1ctenos para recibir un presupuesto personalizado.<\/strong><\/p>\n<p>Para m\u00e1s informaci\u00f3n sobre precios, p\u00f3ngase en contacto con nosotros por correo electr\u00f3nico en\u00a0<a href=\"mailto:info@ikonisch.pt\"><strong>info@ikonisch.pt<\/strong><\/a>\u00a0o por tel\u00e9fono en el\u00a0<strong>+351 913 068 270<\/strong>.<\/p>\n","protected":false},"featured_media":22547,"template":"","meta":{"_acf_changed":false,"inline_featured_image":false},"product_brand":[],"product_cat":[693],"product_tag":[1585,1584],"class_list":{"0":"post-22526","1":"product","2":"type-product","3":"status-publish","4":"has-post-thumbnail","6":"product_cat-iluminacion","7":"product_tag-nordlux-es","8":"product_tag-says-who-es","10":"first","11":"instock","12":"shipping-taxable","13":"purchasable","14":"product-type-simple"},"acf":[],"aioseo_notices":[],"_links":{"self":[{"href":"https:\/\/ikonisch.pt\/es\/wp-json\/wp\/v2\/product\/22526","targetHints":{"allow":["GET"]}}],"collection":[{"href":"https:\/\/ikonisch.pt\/es\/wp-json\/wp\/v2\/product"}],"about":[{"href":"https:\/\/ikonisch.pt\/es\/wp-json\/wp\/v2\/types\/product"}],"wp:featuredmedia":[{"embeddable":true,"href":"https:\/\/ikonisch.pt\/es\/wp-json\/wp\/v2\/media\/22547"}],"wp:attachment":[{"href":"https:\/\/ikonisch.pt\/es\/wp-json\/wp\/v2\/media?parent=22526"}],"wp:term":[{"taxonomy":"product_brand","embeddable":true,"href":"https:\/\/ikonisch.pt\/es\/wp-json\/wp\/v2\/product_brand?post=22526"},{"taxonomy":"product_cat","embeddable":true,"href":"https:\/\/ikonisch.pt\/es\/wp-json\/wp\/v2\/product_cat?post=22526"},{"taxonomy":"product_tag","embeddable":true,"href":"https:\/\/ikonisch.pt\/es\/wp-json\/wp\/v2\/product_tag?post=22526"}],"curies":[{"name":"wp","href":"https:\/\/api.w.org\/{rel}","templated":true}]}}