{"id":22561,"date":"2024-04-26T15:25:12","date_gmt":"2024-04-26T15:25:12","guid":{"rendered":"https:\/\/ikonisch.pt\/?post_type=product&#038;p=22561"},"modified":"2024-05-03T16:01:27","modified_gmt":"2024-05-03T16:01:27","slug":"tipo-nome-brand-copia-18","status":"publish","type":"product","link":"https:\/\/ikonisch.pt\/es\/produtos\/tipo-nome-brand-copia-18\/","title":{"rendered":"Sill\u00f3n individual estilo Luis XV &#8211; Epoca"},"content":{"rendered":"","protected":false},"excerpt":{"rendered":"<p>Conjunto de dos sillones estilo Luis XV berg\u00e9re, elegantes y distintivos, con reposabrazos. Estructura de madera maciza de haya con tallas de estilo barroco y acabado con pintura dorada y p\u00e1tina original. Asiento de espuma con muelles y rejilla de soporte de acero acabado en tela de seda original. Sillones de rara elegancia y sobriedad con l\u00edneas cl\u00e1sicas y confort \u00fanico.<\/p>\n<p>Atenci\u00f3n: Precio unitario.<\/p>\n","protected":false},"featured_media":22748,"template":"","meta":{"_acf_changed":false,"inline_featured_image":false},"product_brand":[],"product_cat":[698,697],"product_tag":[1597],"class_list":{"0":"post-22561","1":"product","2":"type-product","3":"status-publish","4":"has-post-thumbnail","6":"product_cat-coleccion-vintage","7":"product_cat-sofas-y-sillones","8":"product_tag-epoca-es","10":"first","11":"outofstock","12":"shipping-taxable","13":"purchasable","14":"product-type-simple"},"acf":[],"aioseo_notices":[],"_links":{"self":[{"href":"https:\/\/ikonisch.pt\/es\/wp-json\/wp\/v2\/product\/22561","targetHints":{"allow":["GET"]}}],"collection":[{"href":"https:\/\/ikonisch.pt\/es\/wp-json\/wp\/v2\/product"}],"about":[{"href":"https:\/\/ikonisch.pt\/es\/wp-json\/wp\/v2\/types\/product"}],"wp:featuredmedia":[{"embeddable":true,"href":"https:\/\/ikonisch.pt\/es\/wp-json\/wp\/v2\/media\/22748"}],"wp:attachment":[{"href":"https:\/\/ikonisch.pt\/es\/wp-json\/wp\/v2\/media?parent=22561"}],"wp:term":[{"taxonomy":"product_brand","embeddable":true,"href":"https:\/\/ikonisch.pt\/es\/wp-json\/wp\/v2\/product_brand?post=22561"},{"taxonomy":"product_cat","embeddable":true,"href":"https:\/\/ikonisch.pt\/es\/wp-json\/wp\/v2\/product_cat?post=22561"},{"taxonomy":"product_tag","embeddable":true,"href":"https:\/\/ikonisch.pt\/es\/wp-json\/wp\/v2\/product_tag?post=22561"}],"curies":[{"name":"wp","href":"https:\/\/api.w.org\/{rel}","templated":true}]}}