{"id":23044,"date":"2024-05-09T13:33:31","date_gmt":"2024-05-09T13:33:32","guid":{"rendered":"https:\/\/ikonisch.pt\/?post_type=product&#038;p=23044"},"modified":"2024-05-09T13:44:48","modified_gmt":"2024-05-09T13:44:48","slug":"tipo-nome-brand-copia-22","status":"publish","type":"product","link":"https:\/\/ikonisch.pt\/es\/produtos\/tipo-nome-brand-copia-22\/","title":{"rendered":"Sill\u00f3n cl\u00e1sico &#8211; Bogart"},"content":{"rendered":"","protected":false},"excerpt":{"rendered":"<p>Sill\u00f3n individual en excelente estado con m\u00ednimos signos de uso, estilo cl\u00e1sico\/vintage producido por Bogart. Armaz\u00f3n de madera muy estable con herrajes de acero galvanizado, asiento y respaldo densamente acolchados con espuma de alta densidad y muelles ensacados. Revestimiento de tela resistente con motivos florales blancos.<\/p>\n","protected":false},"featured_media":23080,"template":"","meta":{"_acf_changed":false,"inline_featured_image":false},"product_brand":[],"product_cat":[697],"product_tag":[1621],"class_list":{"0":"post-23044","1":"product","2":"type-product","3":"status-publish","4":"has-post-thumbnail","6":"product_cat-sofas-y-sillones","7":"product_tag-bogart-es","9":"first","10":"outofstock","11":"shipping-taxable","12":"purchasable","13":"product-type-simple"},"acf":[],"aioseo_notices":[],"_links":{"self":[{"href":"https:\/\/ikonisch.pt\/es\/wp-json\/wp\/v2\/product\/23044","targetHints":{"allow":["GET"]}}],"collection":[{"href":"https:\/\/ikonisch.pt\/es\/wp-json\/wp\/v2\/product"}],"about":[{"href":"https:\/\/ikonisch.pt\/es\/wp-json\/wp\/v2\/types\/product"}],"wp:featuredmedia":[{"embeddable":true,"href":"https:\/\/ikonisch.pt\/es\/wp-json\/wp\/v2\/media\/23080"}],"wp:attachment":[{"href":"https:\/\/ikonisch.pt\/es\/wp-json\/wp\/v2\/media?parent=23044"}],"wp:term":[{"taxonomy":"product_brand","embeddable":true,"href":"https:\/\/ikonisch.pt\/es\/wp-json\/wp\/v2\/product_brand?post=23044"},{"taxonomy":"product_cat","embeddable":true,"href":"https:\/\/ikonisch.pt\/es\/wp-json\/wp\/v2\/product_cat?post=23044"},{"taxonomy":"product_tag","embeddable":true,"href":"https:\/\/ikonisch.pt\/es\/wp-json\/wp\/v2\/product_tag?post=23044"}],"curies":[{"name":"wp","href":"https:\/\/api.w.org\/{rel}","templated":true}]}}