{"id":23084,"date":"2024-05-15T13:06:45","date_gmt":"2024-05-15T13:06:45","guid":{"rendered":"https:\/\/ikonisch.pt\/?post_type=product&#038;p=23084"},"modified":"2024-05-15T13:31:22","modified_gmt":"2024-05-15T13:31:22","slug":"tipo-nome-brand-copia-23","status":"publish","type":"product","link":"https:\/\/ikonisch.pt\/es\/produtos\/tipo-nome-brand-copia-23\/","title":{"rendered":"Sof\u00e1 Suita Classic &#8211; Vitra"},"content":{"rendered":"","protected":false},"excerpt":{"rendered":"<p>El Sof\u00e1 Suita, dise\u00f1ado por Antonio Citterio para Vitra, es una expresi\u00f3n de elegancia tecnol\u00f3gica. Tiene patas de aluminio fundido a presi\u00f3n, cuerpo de sof\u00e1 de estructura de malla met\u00e1lica con espuma de poliuretano moldeada, cojines de asiento y respaldo desenfundables. Fundas desenfundables. Este sistema de sof\u00e1s combina vol\u00famenes ligeros y geom\u00e9tricos con una est\u00e9tica industrial y tecnol\u00f3gica. El dise\u00f1o preciso de los cojines y del cuerpo parece flotar sobre las elegantes patas de aluminio en forma de puente, que son un homenaje al dise\u00f1o americano del siglo pasado.<\/p>\n<p>Altura del asiento: 43 cm<\/p>\n<p>Fecha de fabricaci\u00f3n: 2021<\/p>\n","protected":false},"featured_media":23087,"template":"","meta":{"_acf_changed":false,"inline_featured_image":false},"product_brand":[],"product_cat":[697],"product_tag":[709,848],"class_list":{"0":"post-23084","1":"product","2":"type-product","3":"status-publish","4":"has-post-thumbnail","6":"product_cat-sofas-y-sillones","7":"product_tag-antonio-citterio-es","8":"product_tag-vitra-es","10":"first","11":"outofstock","12":"shipping-taxable","13":"purchasable","14":"product-type-simple"},"acf":[],"aioseo_notices":[],"_links":{"self":[{"href":"https:\/\/ikonisch.pt\/es\/wp-json\/wp\/v2\/product\/23084","targetHints":{"allow":["GET"]}}],"collection":[{"href":"https:\/\/ikonisch.pt\/es\/wp-json\/wp\/v2\/product"}],"about":[{"href":"https:\/\/ikonisch.pt\/es\/wp-json\/wp\/v2\/types\/product"}],"wp:featuredmedia":[{"embeddable":true,"href":"https:\/\/ikonisch.pt\/es\/wp-json\/wp\/v2\/media\/23087"}],"wp:attachment":[{"href":"https:\/\/ikonisch.pt\/es\/wp-json\/wp\/v2\/media?parent=23084"}],"wp:term":[{"taxonomy":"product_brand","embeddable":true,"href":"https:\/\/ikonisch.pt\/es\/wp-json\/wp\/v2\/product_brand?post=23084"},{"taxonomy":"product_cat","embeddable":true,"href":"https:\/\/ikonisch.pt\/es\/wp-json\/wp\/v2\/product_cat?post=23084"},{"taxonomy":"product_tag","embeddable":true,"href":"https:\/\/ikonisch.pt\/es\/wp-json\/wp\/v2\/product_tag?post=23084"}],"curies":[{"name":"wp","href":"https:\/\/api.w.org\/{rel}","templated":true}]}}