{"id":23159,"date":"2024-05-15T13:39:05","date_gmt":"2024-05-15T13:39:06","guid":{"rendered":"https:\/\/ikonisch.pt\/?post_type=product&#038;p=23159"},"modified":"2024-05-21T14:57:43","modified_gmt":"2024-05-21T14:57:43","slug":"tipo-nome-brand-copia-26","status":"publish","type":"product","link":"https:\/\/ikonisch.pt\/es\/produtos\/tipo-nome-brand-copia-26\/","title":{"rendered":"Mesa auxiliar plegable Leopoldo &#8211; Kartell"},"content":{"rendered":"","protected":false},"excerpt":{"rendered":"<p>En los a\u00f1os 90, Antonio Citterio y Glen Oliver L\u00f6w mantuvieron una gran colaboraci\u00f3n trabajando para Kartell, que dio como resultado hermosas mesas auxiliares y carritos. La mesa Leopoldo es una mesa auxiliar plegable de dise\u00f1o minimalista con superficie superior de nylon y fibra de vidrio ref. 88 con acabado mate, patas cromadas y pies de dise\u00f1o de aluminio pulido. Esta mesa Leopoldo es una 1\u00aa edici\u00f3n y se encuentra en buen estado acorde con la edad y el uso. Puede utilizarse c\u00f3modamente para diversos fines y guardarse f\u00e1cilmente.<\/p>\n","protected":false},"featured_media":23335,"template":"","meta":{"_acf_changed":false,"inline_featured_image":false},"product_brand":[],"product_cat":[686,694],"product_tag":[709,1663,777],"class_list":{"0":"post-23159","1":"product","2":"type-product","3":"status-publish","4":"has-post-thumbnail","6":"product_cat-accesorios","7":"product_cat-mesas-es","8":"product_tag-antonio-citterio-es","9":"product_tag-glen-oliver-low-es","10":"product_tag-kartell-es","12":"first","13":"outofstock","14":"shipping-taxable","15":"purchasable","16":"product-type-simple"},"acf":[],"aioseo_notices":[],"_links":{"self":[{"href":"https:\/\/ikonisch.pt\/es\/wp-json\/wp\/v2\/product\/23159","targetHints":{"allow":["GET"]}}],"collection":[{"href":"https:\/\/ikonisch.pt\/es\/wp-json\/wp\/v2\/product"}],"about":[{"href":"https:\/\/ikonisch.pt\/es\/wp-json\/wp\/v2\/types\/product"}],"wp:featuredmedia":[{"embeddable":true,"href":"https:\/\/ikonisch.pt\/es\/wp-json\/wp\/v2\/media\/23335"}],"wp:attachment":[{"href":"https:\/\/ikonisch.pt\/es\/wp-json\/wp\/v2\/media?parent=23159"}],"wp:term":[{"taxonomy":"product_brand","embeddable":true,"href":"https:\/\/ikonisch.pt\/es\/wp-json\/wp\/v2\/product_brand?post=23159"},{"taxonomy":"product_cat","embeddable":true,"href":"https:\/\/ikonisch.pt\/es\/wp-json\/wp\/v2\/product_cat?post=23159"},{"taxonomy":"product_tag","embeddable":true,"href":"https:\/\/ikonisch.pt\/es\/wp-json\/wp\/v2\/product_tag?post=23159"}],"curies":[{"name":"wp","href":"https:\/\/api.w.org\/{rel}","templated":true}]}}