{"id":23162,"date":"2024-05-15T13:52:39","date_gmt":"2024-05-15T13:52:39","guid":{"rendered":"https:\/\/ikonisch.pt\/?post_type=product&#038;p=23162"},"modified":"2024-05-21T15:12:19","modified_gmt":"2024-05-21T15:12:19","slug":"tipo-nome-brand-copia-copia-2","status":"publish","type":"product","link":"https:\/\/ikonisch.pt\/es\/produtos\/tipo-nome-brand-copia-copia-2\/","title":{"rendered":"Carrito Plegable Gastone &#8211; Kartell"},"content":{"rendered":"","protected":false},"excerpt":{"rendered":"<p>Carrito de sal\u00f3n Gastone dise\u00f1ado por Antonio Citterio y Oliver Low, se caracteriza por su suave revestimiento de textura mate, acabado cromado de la estructura y tableros de soporte de nylon con revestimiento de fibra de vidrio en color PLUM 88. Plegable, ligero y f\u00e1cil de mover, Gastone es desde hace 30 a\u00f1os el complemento perfecto para su sal\u00f3n, f\u00e1cil de plegar o desplegar, ideal para buffets y copas nocturnas o como peque\u00f1a mesa auxiliar.<\/p>\n","protected":false},"featured_media":23383,"template":"","meta":{"_acf_changed":false,"inline_featured_image":false},"product_brand":[],"product_cat":[686,694],"product_tag":[709,1663,777],"class_list":{"0":"post-23162","1":"product","2":"type-product","3":"status-publish","4":"has-post-thumbnail","6":"product_cat-accesorios","7":"product_cat-mesas-es","8":"product_tag-antonio-citterio-es","9":"product_tag-glen-oliver-low-es","10":"product_tag-kartell-es","12":"first","13":"outofstock","14":"shipping-taxable","15":"purchasable","16":"product-type-simple"},"acf":[],"aioseo_notices":[],"_links":{"self":[{"href":"https:\/\/ikonisch.pt\/es\/wp-json\/wp\/v2\/product\/23162","targetHints":{"allow":["GET"]}}],"collection":[{"href":"https:\/\/ikonisch.pt\/es\/wp-json\/wp\/v2\/product"}],"about":[{"href":"https:\/\/ikonisch.pt\/es\/wp-json\/wp\/v2\/types\/product"}],"wp:featuredmedia":[{"embeddable":true,"href":"https:\/\/ikonisch.pt\/es\/wp-json\/wp\/v2\/media\/23383"}],"wp:attachment":[{"href":"https:\/\/ikonisch.pt\/es\/wp-json\/wp\/v2\/media?parent=23162"}],"wp:term":[{"taxonomy":"product_brand","embeddable":true,"href":"https:\/\/ikonisch.pt\/es\/wp-json\/wp\/v2\/product_brand?post=23162"},{"taxonomy":"product_cat","embeddable":true,"href":"https:\/\/ikonisch.pt\/es\/wp-json\/wp\/v2\/product_cat?post=23162"},{"taxonomy":"product_tag","embeddable":true,"href":"https:\/\/ikonisch.pt\/es\/wp-json\/wp\/v2\/product_tag?post=23162"}],"curies":[{"name":"wp","href":"https:\/\/api.w.org\/{rel}","templated":true}]}}