{"id":23168,"date":"2024-05-15T15:05:42","date_gmt":"2024-05-15T15:05:43","guid":{"rendered":"https:\/\/ikonisch.pt\/?post_type=product&#038;p=23168"},"modified":"2024-05-20T15:27:34","modified_gmt":"2024-05-20T15:27:34","slug":"tipo-nome-brand-copia-24","status":"publish","type":"product","link":"https:\/\/ikonisch.pt\/es\/produtos\/tipo-nome-brand-copia-24\/","title":{"rendered":"Silla de sal\u00f3n de estilo escandinavo modelo 225"},"content":{"rendered":"","protected":false},"excerpt":{"rendered":"<p>Sill\u00f3n escultural de formas fant\u00e1sticas, modelo estilo 225 dise\u00f1ado por Arne Hovmand-Olsen para Mogens Kold en Dinamarca en 1954. Tiene un armaz\u00f3n de madera de teca maciza y dos cojines tapizados con tela nueva sostenidos por correas de cuero negro.<\/p>\n<p>Esta silla es t\u00edpica del dise\u00f1o escandinavo de alta calidad de los a\u00f1os sesenta.<\/p>\n","protected":false},"featured_media":23251,"template":"","meta":{"_acf_changed":false,"inline_featured_image":false},"product_brand":[],"product_cat":[698,697],"product_tag":[1648,1649],"class_list":{"0":"post-23168","1":"product","2":"type-product","3":"status-publish","4":"has-post-thumbnail","6":"product_cat-coleccion-vintage","7":"product_cat-sofas-y-sillones","8":"product_tag-arne-hovmand-olsen-es","9":"product_tag-mogens-kold-es","11":"first","12":"outofstock","13":"shipping-taxable","14":"purchasable","15":"product-type-simple"},"acf":[],"aioseo_notices":[],"_links":{"self":[{"href":"https:\/\/ikonisch.pt\/es\/wp-json\/wp\/v2\/product\/23168","targetHints":{"allow":["GET"]}}],"collection":[{"href":"https:\/\/ikonisch.pt\/es\/wp-json\/wp\/v2\/product"}],"about":[{"href":"https:\/\/ikonisch.pt\/es\/wp-json\/wp\/v2\/types\/product"}],"wp:featuredmedia":[{"embeddable":true,"href":"https:\/\/ikonisch.pt\/es\/wp-json\/wp\/v2\/media\/23251"}],"wp:attachment":[{"href":"https:\/\/ikonisch.pt\/es\/wp-json\/wp\/v2\/media?parent=23168"}],"wp:term":[{"taxonomy":"product_brand","embeddable":true,"href":"https:\/\/ikonisch.pt\/es\/wp-json\/wp\/v2\/product_brand?post=23168"},{"taxonomy":"product_cat","embeddable":true,"href":"https:\/\/ikonisch.pt\/es\/wp-json\/wp\/v2\/product_cat?post=23168"},{"taxonomy":"product_tag","embeddable":true,"href":"https:\/\/ikonisch.pt\/es\/wp-json\/wp\/v2\/product_tag?post=23168"}],"curies":[{"name":"wp","href":"https:\/\/api.w.org\/{rel}","templated":true}]}}