{"id":23429,"date":"2024-05-23T12:32:06","date_gmt":"2024-05-23T12:32:06","guid":{"rendered":"https:\/\/ikonisch.pt\/?post_type=product&#038;p=23429"},"modified":"2024-10-18T12:52:49","modified_gmt":"2024-10-18T12:52:49","slug":"pintura-la-distorsion-de-lola-2024-por-betty-brownlee-copia","status":"publish","type":"product","link":"https:\/\/ikonisch.pt\/es\/produtos\/pintura-la-distorsion-de-lola-2024-por-betty-brownlee-copia\/","title":{"rendered":"Pintura \u00abLa distorsi\u00f3n de Bimba y Lola\u00bb, 2024 por Betty Brownlee"},"content":{"rendered":"","protected":false},"excerpt":{"rendered":"<p>Betty Brownlee es una artista licenciada en Bellas Artes por la Wayne State University de Detroit, MI, donde tambi\u00e9n se especializ\u00f3 en Bellas Artes con especialidad en tejido y fibras afines. A lo largo de su carrera, Betty ha realizado varias exposiciones individuales y colectivas en destacadas galer\u00edas como Artfront de Atlanta, GA, y el Museo de Arte Contempor\u00e1neo de Detroit, MI. Ha recibido varios premios y becas, como la Creative Artist Grant del Michigan Council for the Arts y la Graduate Teaching Fellowship de la Wayne State University. Sus obras forman parte de importantes colecciones como las de AT&amp;T, DTE Energy y Wayne State University.<\/p>\n<p>\u00abLa distorsi\u00f3n de Bimba y Lola\u00bb es una impresionante obra de tinta sobre papel creada por Betty Brownlee en 2024. La obra refleja el singular proceso creativo de la artista, que comienza con retratos espont\u00e1neos de personas en su vida cotidiana, capturados mediante fotograf\u00edas. Para transformar estas im\u00e1genes, Betty utiliza elementos tecnol\u00f3gicos e inteligencia artificial, lo que da lugar a sorprendentes distorsiones que se transfieren al papel con capas de tinta china. La cuadr\u00edcula sistem\u00e1tica visible en algunas zonas del cuadro hace honor al meticuloso proceso y a la fusi\u00f3n entre arte tradicional e innovaci\u00f3n tecnol\u00f3gica. Este cuadro es un testimonio de la capacidad de Betty para combinar t\u00e9cnicas contempor\u00e1neas con un profundo aprecio por lo figurativo, creando una obra moderna y atemporal a la vez.<\/p>\n<p><strong>Realizamos entregas a nivel mundial. Para env\u00edos fuera de Portugal y Espa\u00f1a, por favor, cont\u00e1ctenos para recibir un presupuesto personalizado.<\/strong><\/p>\n<p>Para m\u00e1s informaci\u00f3n sobre precios, p\u00f3ngase en contacto con nosotros por correo electr\u00f3nico en\u00a0<a href=\"mailto:info@ikonisch.pt\"><strong>info@ikonisch.pt<\/strong><\/a>\u00a0o por tel\u00e9fono en el\u00a0<strong>+351 913 068 270<\/strong>.<\/p>\n","protected":false},"featured_media":23471,"template":"","meta":{"_acf_changed":false,"inline_featured_image":false},"product_brand":[],"product_cat":[686],"product_tag":[1671,1359,1672],"class_list":{"0":"post-23429","1":"product","2":"type-product","3":"status-publish","4":"has-post-thumbnail","6":"product_cat-accesorios","7":"product_tag-betty-brownlee-es","8":"product_tag-obra-de-arte-es","9":"product_tag-tinta-sobre-papel-es","11":"first","12":"outofstock","13":"shipping-taxable","14":"purchasable","15":"product-type-simple"},"acf":[],"aioseo_notices":[],"_links":{"self":[{"href":"https:\/\/ikonisch.pt\/es\/wp-json\/wp\/v2\/product\/23429","targetHints":{"allow":["GET"]}}],"collection":[{"href":"https:\/\/ikonisch.pt\/es\/wp-json\/wp\/v2\/product"}],"about":[{"href":"https:\/\/ikonisch.pt\/es\/wp-json\/wp\/v2\/types\/product"}],"wp:featuredmedia":[{"embeddable":true,"href":"https:\/\/ikonisch.pt\/es\/wp-json\/wp\/v2\/media\/23471"}],"wp:attachment":[{"href":"https:\/\/ikonisch.pt\/es\/wp-json\/wp\/v2\/media?parent=23429"}],"wp:term":[{"taxonomy":"product_brand","embeddable":true,"href":"https:\/\/ikonisch.pt\/es\/wp-json\/wp\/v2\/product_brand?post=23429"},{"taxonomy":"product_cat","embeddable":true,"href":"https:\/\/ikonisch.pt\/es\/wp-json\/wp\/v2\/product_cat?post=23429"},{"taxonomy":"product_tag","embeddable":true,"href":"https:\/\/ikonisch.pt\/es\/wp-json\/wp\/v2\/product_tag?post=23429"}],"curies":[{"name":"wp","href":"https:\/\/api.w.org\/{rel}","templated":true}]}}