{"id":23542,"date":"2024-06-03T12:46:37","date_gmt":"2024-06-03T12:46:38","guid":{"rendered":"https:\/\/ikonisch.pt\/?post_type=product&#038;p=23542"},"modified":"2024-10-18T14:59:04","modified_gmt":"2024-10-18T14:59:04","slug":"tipo-nome-brand-copia-28","status":"publish","type":"product","link":"https:\/\/ikonisch.pt\/es\/produtos\/tipo-nome-brand-copia-28\/","title":{"rendered":"Mesa de centro estilo Florence Knoll"},"content":{"rendered":"","protected":false},"excerpt":{"rendered":"<p>La mesa de centro Florence Knoll, con su tapa de cristal templado incoloro, dise\u00f1ada para amueblar los nuevos interiores de la Am\u00e9rica de posguerra, es una traducci\u00f3n reducida de las l\u00edneas, los gestos y los materiales de la arquitectura moderna. En consonancia con todos sus dise\u00f1os, la mesa tiene una presencia geom\u00e9trica sobria que refleja el enfoque de dise\u00f1o racional que Florence Knoll aprendi\u00f3 de Mies van der Rohe.<\/p>\n<p><strong>Realizamos entregas a nivel mundial. Para env\u00edos fuera de Portugal y Espa\u00f1a, por favor, cont\u00e1ctenos para recibir un presupuesto personalizado.<\/strong><\/p>\n<p>Para m\u00e1s informaci\u00f3n sobre precios, p\u00f3ngase en contacto con nosotros por correo electr\u00f3nico en\u00a0<a href=\"mailto:info@ikonisch.pt\"><strong>info@ikonisch.pt<\/strong><\/a>\u00a0o por tel\u00e9fono en el\u00a0<strong>+351 913 068 270<\/strong>.<\/p>\n","protected":false},"featured_media":31591,"template":"","meta":{"_acf_changed":false,"inline_featured_image":false},"product_brand":[],"product_cat":[694],"product_tag":[1141,779],"class_list":{"0":"post-23542","1":"product","2":"type-product","3":"status-publish","4":"has-post-thumbnail","6":"product_cat-mesas-es","7":"product_tag-florence-knoll-es","8":"product_tag-knoll-es","10":"first","11":"instock","12":"shipping-taxable","13":"purchasable","14":"product-type-simple"},"acf":[],"aioseo_notices":[],"_links":{"self":[{"href":"https:\/\/ikonisch.pt\/es\/wp-json\/wp\/v2\/product\/23542","targetHints":{"allow":["GET"]}}],"collection":[{"href":"https:\/\/ikonisch.pt\/es\/wp-json\/wp\/v2\/product"}],"about":[{"href":"https:\/\/ikonisch.pt\/es\/wp-json\/wp\/v2\/types\/product"}],"wp:featuredmedia":[{"embeddable":true,"href":"https:\/\/ikonisch.pt\/es\/wp-json\/wp\/v2\/media\/31591"}],"wp:attachment":[{"href":"https:\/\/ikonisch.pt\/es\/wp-json\/wp\/v2\/media?parent=23542"}],"wp:term":[{"taxonomy":"product_brand","embeddable":true,"href":"https:\/\/ikonisch.pt\/es\/wp-json\/wp\/v2\/product_brand?post=23542"},{"taxonomy":"product_cat","embeddable":true,"href":"https:\/\/ikonisch.pt\/es\/wp-json\/wp\/v2\/product_cat?post=23542"},{"taxonomy":"product_tag","embeddable":true,"href":"https:\/\/ikonisch.pt\/es\/wp-json\/wp\/v2\/product_tag?post=23542"}],"curies":[{"name":"wp","href":"https:\/\/api.w.org\/{rel}","templated":true}]}}