{"id":23545,"date":"2024-06-03T12:51:47","date_gmt":"2024-06-03T12:51:47","guid":{"rendered":"https:\/\/ikonisch.pt\/?post_type=product&#038;p=23545"},"modified":"2024-06-14T13:06:35","modified_gmt":"2024-06-14T13:06:35","slug":"tipo-nome-brand-copia-copia-3","status":"publish","type":"product","link":"https:\/\/ikonisch.pt\/es\/produtos\/tipo-nome-brand-copia-copia-3\/","title":{"rendered":"Sill\u00f3n Pfister &#8211; Florence Knoll"},"content":{"rendered":"","protected":false},"excerpt":{"rendered":"<p>Sof\u00e1 individual Vintage moderno de mediados de siglo, cubo original de Knoll. Una sencilla forma cubista de l\u00edneas limpias, sobre una base aparentemente flotante, son caracter\u00edsticas de la est\u00e9tica de los sof\u00e1s de dise\u00f1o de Knoll. Las piezas Pfister son agresivamente funcionales, pero no por ello carecen de elegancia, logrando un dif\u00edcil equilibrio. Estos sillones club o lounge se encuentran en su estado original de \u00e9poca, con un acabado en cuero natural marr\u00f3n, y conservan la etiqueta original \u00abKnoll\u00bb bajo el sill\u00f3n. Un maravilloso cubo\/caja de dise\u00f1o que puede formar parte de cualquier proyecto de interiorismo. Excelente para uso dom\u00e9stico o de oficina. Estas sillas muestran desgaste y edad &#8211; hermosas rotas en cuero con cojines completos.<\/p>\n<p>Cuero ref.: Sabrina, Pumpkin de Knoll<\/p>\n","protected":false},"featured_media":23836,"template":"","meta":{"_acf_changed":false,"inline_featured_image":false},"product_brand":[],"product_cat":[697],"product_tag":[1699,779],"class_list":{"0":"post-23545","1":"product","2":"type-product","3":"status-publish","4":"has-post-thumbnail","6":"product_cat-sofas-y-sillones","7":"product_tag-charles-pfister-es","8":"product_tag-knoll-es","10":"first","11":"outofstock","12":"shipping-taxable","13":"purchasable","14":"product-type-simple"},"acf":[],"aioseo_notices":[],"_links":{"self":[{"href":"https:\/\/ikonisch.pt\/es\/wp-json\/wp\/v2\/product\/23545","targetHints":{"allow":["GET"]}}],"collection":[{"href":"https:\/\/ikonisch.pt\/es\/wp-json\/wp\/v2\/product"}],"about":[{"href":"https:\/\/ikonisch.pt\/es\/wp-json\/wp\/v2\/types\/product"}],"wp:featuredmedia":[{"embeddable":true,"href":"https:\/\/ikonisch.pt\/es\/wp-json\/wp\/v2\/media\/23836"}],"wp:attachment":[{"href":"https:\/\/ikonisch.pt\/es\/wp-json\/wp\/v2\/media?parent=23545"}],"wp:term":[{"taxonomy":"product_brand","embeddable":true,"href":"https:\/\/ikonisch.pt\/es\/wp-json\/wp\/v2\/product_brand?post=23545"},{"taxonomy":"product_cat","embeddable":true,"href":"https:\/\/ikonisch.pt\/es\/wp-json\/wp\/v2\/product_cat?post=23545"},{"taxonomy":"product_tag","embeddable":true,"href":"https:\/\/ikonisch.pt\/es\/wp-json\/wp\/v2\/product_tag?post=23545"}],"curies":[{"name":"wp","href":"https:\/\/api.w.org\/{rel}","templated":true}]}}