{"id":23551,"date":"2024-06-03T13:03:53","date_gmt":"2024-06-03T13:03:54","guid":{"rendered":"https:\/\/ikonisch.pt\/?post_type=product&#038;p=23551"},"modified":"2024-10-18T14:58:20","modified_gmt":"2024-10-18T14:58:20","slug":"tipo-nome-brand-copia-copia-copia","status":"publish","type":"product","link":"https:\/\/ikonisch.pt\/es\/produtos\/tipo-nome-brand-copia-copia-copia\/","title":{"rendered":"Sill\u00f3n estilo Barcelona &#8211; Steelform"},"content":{"rendered":"","protected":false},"excerpt":{"rendered":"<p>La Silla Barcelona fue dise\u00f1ada por Ludwig Mies van der Rohe y Lilly Reich para el Pabell\u00f3n Alem\u00e1n de la Exposici\u00f3n Internacional de 1929, organizada en Barcelona, Catalu\u00f1a, Espa\u00f1a.<\/p>\n<p>La silla se utiliz\u00f3 por primera vez en la Villa Tugendhat, una residencia privada dise\u00f1ada por Mies en Brno.<\/p>\n<p>Modelo fabricado por Steelform en armaz\u00f3n de acero cromado con muelles, pulido. Coj\u00edn relleno de espuma sostenido por correas de piel de vaca. Tapizado con paneles individuales de cuero. Este producto est\u00e1 fabricado con cuero natural no t\u00f3xico de la famosa curtidur\u00eda italiana DANI SpA. Ref: Nero &#8211; lord 9300 Como en la versi\u00f3n original, la estructura se fabric\u00f3 en acero para muelles, siendo \u00e9ste el material que Mies van der Rohe seleccion\u00f3 para su silla original. La suave oscilaci\u00f3n del acero para muelles hace que la superficie del asiento de esta silla parezca flotar.<\/p>\n<p>Atenci\u00f3n: Precio unitario.<\/p>\n<p><strong>Realizamos entregas a nivel mundial. Para env\u00edos fuera de Portugal y Espa\u00f1a, por favor, cont\u00e1ctenos para recibir un presupuesto personalizado.<\/strong><\/p>\n<p>Para m\u00e1s informaci\u00f3n sobre precios, p\u00f3ngase en contacto con nosotros por correo electr\u00f3nico en\u00a0<a href=\"mailto:info@ikonisch.pt\"><strong>info@ikonisch.pt<\/strong><\/a>\u00a0o por tel\u00e9fono en el\u00a0<strong>+351 913 068 270<\/strong>.<\/p>\n","protected":false},"featured_media":23839,"template":"","meta":{"_acf_changed":false,"inline_featured_image":false},"product_brand":[],"product_cat":[697],"product_tag":[1716,1715,1730],"class_list":{"0":"post-23551","1":"product","2":"type-product","3":"status-publish","4":"has-post-thumbnail","6":"product_cat-sofas-y-sillones","7":"product_tag-lilly-reich-es","8":"product_tag-mies-van-der-rohe-es","9":"product_tag-steelform-es","11":"first","12":"outofstock","13":"shipping-taxable","14":"purchasable","15":"product-type-simple"},"acf":[],"aioseo_notices":[],"_links":{"self":[{"href":"https:\/\/ikonisch.pt\/es\/wp-json\/wp\/v2\/product\/23551","targetHints":{"allow":["GET"]}}],"collection":[{"href":"https:\/\/ikonisch.pt\/es\/wp-json\/wp\/v2\/product"}],"about":[{"href":"https:\/\/ikonisch.pt\/es\/wp-json\/wp\/v2\/types\/product"}],"wp:featuredmedia":[{"embeddable":true,"href":"https:\/\/ikonisch.pt\/es\/wp-json\/wp\/v2\/media\/23839"}],"wp:attachment":[{"href":"https:\/\/ikonisch.pt\/es\/wp-json\/wp\/v2\/media?parent=23551"}],"wp:term":[{"taxonomy":"product_brand","embeddable":true,"href":"https:\/\/ikonisch.pt\/es\/wp-json\/wp\/v2\/product_brand?post=23551"},{"taxonomy":"product_cat","embeddable":true,"href":"https:\/\/ikonisch.pt\/es\/wp-json\/wp\/v2\/product_cat?post=23551"},{"taxonomy":"product_tag","embeddable":true,"href":"https:\/\/ikonisch.pt\/es\/wp-json\/wp\/v2\/product_tag?post=23551"}],"curies":[{"name":"wp","href":"https:\/\/api.w.org\/{rel}","templated":true}]}}