{"id":24006,"date":"2024-06-14T13:04:23","date_gmt":"2024-06-14T13:04:23","guid":{"rendered":"https:\/\/ikonisch.pt\/?post_type=product&#038;p=24006"},"modified":"2024-10-18T14:56:44","modified_gmt":"2024-10-18T14:56:44","slug":"sillon-pfister-florence-knoll-copia","status":"publish","type":"product","link":"https:\/\/ikonisch.pt\/es\/produtos\/sillon-pfister-florence-knoll-copia\/","title":{"rendered":"Sill\u00f3n Pfister negro &#8211; Florence Knoll"},"content":{"rendered":"","protected":false},"excerpt":{"rendered":"<p>Sof\u00e1 individual Vintage moderno de mediados de siglo, original Knoll Cube. Una sencilla forma cubista de l\u00edneas limpias, sobre una base aparentemente flotante, son caracter\u00edsticas de la est\u00e9tica de los sof\u00e1s de dise\u00f1o de Knoll. Las piezas Pfister son agresivamente funcionales, pero no por ello carecen de elegancia, logrando un dif\u00edcil equilibrio. Estos sillones club o lounge se encuentran en su estado original de \u00e9poca con un acabado en cuero natural negro y conservan la etiqueta original \u00abKnoll\u00bb bajo el sill\u00f3n. Una maravilla de dise\u00f1o en forma de cubo\/caja que podr\u00eda formar parte de cualquier proyecto de interiorismo. Excelente para uso dom\u00e9stico o de oficina. Estas sillas muestran desgaste y la edad &#8211; hermoso roto en cuero con cojines completos.<\/p>\n<p><strong>Realizamos entregas a nivel mundial. Para env\u00edos fuera de Portugal y Espa\u00f1a, por favor, cont\u00e1ctenos para recibir un presupuesto personalizado.<\/strong><\/p>\n<p>Para m\u00e1s informaci\u00f3n sobre precios, p\u00f3ngase en contacto con nosotros por correo electr\u00f3nico en\u00a0<a href=\"mailto:info@ikonisch.pt\"><strong>info@ikonisch.pt<\/strong><\/a>\u00a0o por tel\u00e9fono en el\u00a0<strong>+351 913 068 270<\/strong>.<\/p>\n","protected":false},"featured_media":24055,"template":"","meta":{"_acf_changed":false,"inline_featured_image":false},"product_brand":[],"product_cat":[697],"product_tag":[1699,779],"class_list":{"0":"post-24006","1":"product","2":"type-product","3":"status-publish","4":"has-post-thumbnail","6":"product_cat-sofas-y-sillones","7":"product_tag-charles-pfister-es","8":"product_tag-knoll-es","10":"first","11":"outofstock","12":"shipping-taxable","13":"product-type-simple"},"acf":[],"aioseo_notices":[],"_links":{"self":[{"href":"https:\/\/ikonisch.pt\/es\/wp-json\/wp\/v2\/product\/24006","targetHints":{"allow":["GET"]}}],"collection":[{"href":"https:\/\/ikonisch.pt\/es\/wp-json\/wp\/v2\/product"}],"about":[{"href":"https:\/\/ikonisch.pt\/es\/wp-json\/wp\/v2\/types\/product"}],"wp:featuredmedia":[{"embeddable":true,"href":"https:\/\/ikonisch.pt\/es\/wp-json\/wp\/v2\/media\/24055"}],"wp:attachment":[{"href":"https:\/\/ikonisch.pt\/es\/wp-json\/wp\/v2\/media?parent=24006"}],"wp:term":[{"taxonomy":"product_brand","embeddable":true,"href":"https:\/\/ikonisch.pt\/es\/wp-json\/wp\/v2\/product_brand?post=24006"},{"taxonomy":"product_cat","embeddable":true,"href":"https:\/\/ikonisch.pt\/es\/wp-json\/wp\/v2\/product_cat?post=24006"},{"taxonomy":"product_tag","embeddable":true,"href":"https:\/\/ikonisch.pt\/es\/wp-json\/wp\/v2\/product_tag?post=24006"}],"curies":[{"name":"wp","href":"https:\/\/api.w.org\/{rel}","templated":true}]}}