{"id":24107,"date":"2024-06-20T14:25:56","date_gmt":"2024-06-20T14:25:56","guid":{"rendered":"https:\/\/ikonisch.pt\/?post_type=product&#038;p=24107"},"modified":"2024-10-18T14:54:22","modified_gmt":"2024-10-18T14:54:22","slug":"mesa-auxiliar-fat-fat-o62cm-bb-italia-copia","status":"publish","type":"product","link":"https:\/\/ikonisch.pt\/es\/produtos\/mesa-auxiliar-fat-fat-o62cm-bb-italia-copia\/","title":{"rendered":"Mesa auxiliar Fat-Fat \u00d892cm &#8211; B&amp;B Italia"},"content":{"rendered":"","protected":false},"excerpt":{"rendered":"<p>Creada en 2004 por Patricia Urquiola para B&amp;B Italia, la gama Fat-Fat presenta esta mesa con tablero redondo de 92 cm de cobre pintado epoxi y estructura de mimbre de acero macizo cromado.<\/p>\n<p>Medidas:<br \/>\n&#8211; Altura: 39cm;<br \/>\n&#8211; Di\u00e1metro de la bandeja: \u00d892cm;<br \/>\n&#8211; Base rectangular: 67x55cm.<\/p>\n<p><strong>Realizamos entregas a nivel mundial. Para env\u00edos fuera de Portugal y Espa\u00f1a, por favor, cont\u00e1ctenos para recibir un presupuesto personalizado.<\/strong><\/p>\n<p>Para m\u00e1s informaci\u00f3n sobre precios, p\u00f3ngase en contacto con nosotros por correo electr\u00f3nico en\u00a0<a href=\"mailto:info@ikonisch.pt\"><strong>info@ikonisch.pt<\/strong><\/a>\u00a0o por tel\u00e9fono en el\u00a0<strong>+351 913 068 270<\/strong>.<\/p>\n","protected":false},"featured_media":24140,"template":"","meta":{"_acf_changed":false,"inline_featured_image":false},"product_brand":[],"product_cat":[694],"product_tag":[718,1538],"class_list":{"0":"post-24107","1":"product","2":"type-product","3":"status-publish","4":"has-post-thumbnail","6":"product_cat-mesas-es","7":"product_tag-bb-italia-es","8":"product_tag-patricia-urquiola-es","10":"first","11":"outofstock","12":"shipping-taxable","13":"product-type-simple"},"acf":[],"aioseo_notices":[],"_links":{"self":[{"href":"https:\/\/ikonisch.pt\/es\/wp-json\/wp\/v2\/product\/24107","targetHints":{"allow":["GET"]}}],"collection":[{"href":"https:\/\/ikonisch.pt\/es\/wp-json\/wp\/v2\/product"}],"about":[{"href":"https:\/\/ikonisch.pt\/es\/wp-json\/wp\/v2\/types\/product"}],"wp:featuredmedia":[{"embeddable":true,"href":"https:\/\/ikonisch.pt\/es\/wp-json\/wp\/v2\/media\/24140"}],"wp:attachment":[{"href":"https:\/\/ikonisch.pt\/es\/wp-json\/wp\/v2\/media?parent=24107"}],"wp:term":[{"taxonomy":"product_brand","embeddable":true,"href":"https:\/\/ikonisch.pt\/es\/wp-json\/wp\/v2\/product_brand?post=24107"},{"taxonomy":"product_cat","embeddable":true,"href":"https:\/\/ikonisch.pt\/es\/wp-json\/wp\/v2\/product_cat?post=24107"},{"taxonomy":"product_tag","embeddable":true,"href":"https:\/\/ikonisch.pt\/es\/wp-json\/wp\/v2\/product_tag?post=24107"}],"curies":[{"name":"wp","href":"https:\/\/api.w.org\/{rel}","templated":true}]}}