{"id":24206,"date":"2024-06-21T10:32:23","date_gmt":"2024-06-21T10:32:24","guid":{"rendered":"https:\/\/ikonisch.pt\/?post_type=product&#038;p=24206"},"modified":"2024-07-10T09:33:36","modified_gmt":"2024-07-10T09:33:36","slug":"mesa-auxiliar-fat-fat-o92cm-bb-italia-copia","status":"publish","type":"product","link":"https:\/\/ikonisch.pt\/es\/produtos\/mesa-auxiliar-fat-fat-o92cm-bb-italia-copia\/","title":{"rendered":"Mesa de centro Reel \u00d895cm &#8211; B&amp;B Italia"},"content":{"rendered":"","protected":false},"excerpt":{"rendered":"<p>La mesa Reel enriquece la colecci\u00f3n de exterior de B&amp;B Italia con un elemento vers\u00e1til y relajado: un puf circular dise\u00f1ado por Atelier O\u00ef, colocado sobre una estructura de aluminio, entretejida con gruesos hilos de polietileno negro. El producto es adecuado para interiores, espacios exteriores cubiertos o balcones.<\/p>\n<p>Medidas:<br \/>\n&#8211; Altura: 36cm;<br \/>\n&#8211; Di\u00e1metro: \u00d895cm;<\/p>\n<p>Para m\u00e1s informaci\u00f3n sobre precios, p\u00f3ngase en contacto con nosotros por correo electr\u00f3nico en\u00a0<a href=\"mailto:info@ikonisch.pt\"><strong>info@ikonisch.pt<\/strong><\/a>\u00a0o por tel\u00e9fono en el\u00a0<strong>+351 913 068 270<\/strong>.<\/p>\n","protected":false},"featured_media":24239,"template":"","meta":{"_acf_changed":false,"inline_featured_image":false},"product_brand":[],"product_cat":[694],"product_tag":[1763,718],"class_list":{"0":"post-24206","1":"product","2":"type-product","3":"status-publish","4":"has-post-thumbnail","6":"product_cat-mesas-es","7":"product_tag-atelier-oi-es","8":"product_tag-bb-italia-es","10":"first","11":"outofstock","12":"shipping-taxable","13":"product-type-simple"},"acf":[],"aioseo_notices":[],"_links":{"self":[{"href":"https:\/\/ikonisch.pt\/es\/wp-json\/wp\/v2\/product\/24206","targetHints":{"allow":["GET"]}}],"collection":[{"href":"https:\/\/ikonisch.pt\/es\/wp-json\/wp\/v2\/product"}],"about":[{"href":"https:\/\/ikonisch.pt\/es\/wp-json\/wp\/v2\/types\/product"}],"wp:featuredmedia":[{"embeddable":true,"href":"https:\/\/ikonisch.pt\/es\/wp-json\/wp\/v2\/media\/24239"}],"wp:attachment":[{"href":"https:\/\/ikonisch.pt\/es\/wp-json\/wp\/v2\/media?parent=24206"}],"wp:term":[{"taxonomy":"product_brand","embeddable":true,"href":"https:\/\/ikonisch.pt\/es\/wp-json\/wp\/v2\/product_brand?post=24206"},{"taxonomy":"product_cat","embeddable":true,"href":"https:\/\/ikonisch.pt\/es\/wp-json\/wp\/v2\/product_cat?post=24206"},{"taxonomy":"product_tag","embeddable":true,"href":"https:\/\/ikonisch.pt\/es\/wp-json\/wp\/v2\/product_tag?post=24206"}],"curies":[{"name":"wp","href":"https:\/\/api.w.org\/{rel}","templated":true}]}}