{"id":24245,"date":"2024-06-21T11:15:18","date_gmt":"2024-06-21T11:15:19","guid":{"rendered":"https:\/\/ikonisch.pt\/?post_type=product&#038;p=24245"},"modified":"2024-07-22T09:57:13","modified_gmt":"2024-07-22T09:57:13","slug":"tipo-nome-brand-copia-32","status":"publish","type":"product","link":"https:\/\/ikonisch.pt\/es\/produtos\/tipo-nome-brand-copia-32\/","title":{"rendered":"Sof\u00e1 Charles Outdoor &#8211; B&amp;B Italia"},"content":{"rendered":"","protected":false},"excerpt":{"rendered":"<p>El sof\u00e1 triple m\u00e1s vendido desde hace mucho tiempo para la empresa B&amp;B: charles-outdoor tiene caracter\u00edsticas que lo han convertido en un cl\u00e1sico de puro gusto contempor\u00e1neo. Con una estructura esbelta y flexible y un dise\u00f1o \u00fanico de patas de aluminio, esta pieza conserva la belleza y la sencillez del dise\u00f1o original, al tiempo que evoluciona con gracia para un uso pr\u00e1ctico en exteriores: la pieza es ligera gracias a su esbelta estructura de aluminio y tiene una superficie exterior creada por bandas de polipropileno de tejido abierto. En la gama de sof\u00e1s, las bandas de color marr\u00f3n t\u00f3rtola combinan con las fundas de tela de los cojines del asiento, y los tres tama\u00f1os de cojines del respaldo pueden reflejar el tono neutro de la estructura o coordinarse con colores vivos y brillantes de la nueva colecci\u00f3n de telas para exterior. Para mejorar y garantizar una mayor protecci\u00f3n contra las inclemencias del tiempo, b&amp;b italia ha tratado todos los tejidos de la colecci\u00f3n, as\u00ed como los utilizados para el interior de los cojines, con avanzadas t\u00e9cnicas hidr\u00f3fugas.<\/p>\n<p>Para m\u00e1s informaci\u00f3n sobre precios, p\u00f3ngase en contacto con nosotros por correo electr\u00f3nico en\u00a0<a href=\"mailto:info@ikonisch.pt\"><strong>info@ikonisch.pt<\/strong><\/a>\u00a0o por tel\u00e9fono en el\u00a0<strong>+351 913 068 270<\/strong>.<\/p>\n","protected":false},"featured_media":24302,"template":"","meta":{"_acf_changed":false,"inline_featured_image":false},"product_brand":[],"product_cat":[697],"product_tag":[709,718],"class_list":{"0":"post-24245","1":"product","2":"type-product","3":"status-publish","4":"has-post-thumbnail","6":"product_cat-sofas-y-sillones","7":"product_tag-antonio-citterio-es","8":"product_tag-bb-italia-es","10":"first","11":"outofstock","12":"shipping-taxable","13":"product-type-simple"},"acf":[],"aioseo_notices":[],"_links":{"self":[{"href":"https:\/\/ikonisch.pt\/es\/wp-json\/wp\/v2\/product\/24245","targetHints":{"allow":["GET"]}}],"collection":[{"href":"https:\/\/ikonisch.pt\/es\/wp-json\/wp\/v2\/product"}],"about":[{"href":"https:\/\/ikonisch.pt\/es\/wp-json\/wp\/v2\/types\/product"}],"wp:featuredmedia":[{"embeddable":true,"href":"https:\/\/ikonisch.pt\/es\/wp-json\/wp\/v2\/media\/24302"}],"wp:attachment":[{"href":"https:\/\/ikonisch.pt\/es\/wp-json\/wp\/v2\/media?parent=24245"}],"wp:term":[{"taxonomy":"product_brand","embeddable":true,"href":"https:\/\/ikonisch.pt\/es\/wp-json\/wp\/v2\/product_brand?post=24245"},{"taxonomy":"product_cat","embeddable":true,"href":"https:\/\/ikonisch.pt\/es\/wp-json\/wp\/v2\/product_cat?post=24245"},{"taxonomy":"product_tag","embeddable":true,"href":"https:\/\/ikonisch.pt\/es\/wp-json\/wp\/v2\/product_tag?post=24245"}],"curies":[{"name":"wp","href":"https:\/\/api.w.org\/{rel}","templated":true}]}}