{"id":24305,"date":"2024-06-21T11:36:49","date_gmt":"2024-06-21T11:36:49","guid":{"rendered":"https:\/\/ikonisch.pt\/?post_type=product&#038;p=24305"},"modified":"2024-07-26T15:45:36","modified_gmt":"2024-07-26T15:45:36","slug":"tipo-nome-brand-copia-33","status":"publish","type":"product","link":"https:\/\/ikonisch.pt\/es\/produtos\/tipo-nome-brand-copia-33\/","title":{"rendered":"Knoll Sof\u00e1 triple en piel volo gris &#8211; Knoll"},"content":{"rendered":"","protected":false},"excerpt":{"rendered":"<p>Original sof\u00e1 triple en piel volo gris de color y textura suaves y distintivos. El sof\u00e1 Florence Knoll es una traducci\u00f3n reducida del ritmo y las proporciones de la arquitectura moderna de mediados de siglo. Con un perfil geom\u00e9trico sobrio, expresi\u00f3n del enfoque de dise\u00f1o racional que Florence Knoll aprendi\u00f3 de su mentor, Mies van der Rohe, el sof\u00e1 es totalmente moderno y totalmente atemporal.<\/p>\n<p>Piel Volo gris. ref.: Cadet<\/p>\n<p>Para m\u00e1s informaci\u00f3n sobre precios, p\u00f3ngase en contacto con nosotros por correo electr\u00f3nico en\u00a0<a href=\"mailto:info@ikonisch.pt\"><strong>info@ikonisch.pt<\/strong><\/a>\u00a0o por tel\u00e9fono en el\u00a0<strong>+351 913 068 270<\/strong>.<\/p>\n","protected":false},"featured_media":24371,"template":"","meta":{"_acf_changed":false,"inline_featured_image":false},"product_brand":[],"product_cat":[697],"product_tag":[1141,779],"class_list":{"0":"post-24305","1":"product","2":"type-product","3":"status-publish","4":"has-post-thumbnail","6":"product_cat-sofas-y-sillones","7":"product_tag-florence-knoll-es","8":"product_tag-knoll-es","10":"first","11":"outofstock","12":"shipping-taxable","13":"product-type-simple"},"acf":[],"aioseo_notices":[],"_links":{"self":[{"href":"https:\/\/ikonisch.pt\/es\/wp-json\/wp\/v2\/product\/24305","targetHints":{"allow":["GET"]}}],"collection":[{"href":"https:\/\/ikonisch.pt\/es\/wp-json\/wp\/v2\/product"}],"about":[{"href":"https:\/\/ikonisch.pt\/es\/wp-json\/wp\/v2\/types\/product"}],"wp:featuredmedia":[{"embeddable":true,"href":"https:\/\/ikonisch.pt\/es\/wp-json\/wp\/v2\/media\/24371"}],"wp:attachment":[{"href":"https:\/\/ikonisch.pt\/es\/wp-json\/wp\/v2\/media?parent=24305"}],"wp:term":[{"taxonomy":"product_brand","embeddable":true,"href":"https:\/\/ikonisch.pt\/es\/wp-json\/wp\/v2\/product_brand?post=24305"},{"taxonomy":"product_cat","embeddable":true,"href":"https:\/\/ikonisch.pt\/es\/wp-json\/wp\/v2\/product_cat?post=24305"},{"taxonomy":"product_tag","embeddable":true,"href":"https:\/\/ikonisch.pt\/es\/wp-json\/wp\/v2\/product_tag?post=24305"}],"curies":[{"name":"wp","href":"https:\/\/api.w.org\/{rel}","templated":true}]}}