{"id":24640,"date":"2024-07-11T13:39:11","date_gmt":"2024-07-11T13:39:11","guid":{"rendered":"https:\/\/ikonisch.pt\/?post_type=product&#038;p=24640"},"modified":"2024-07-11T13:53:04","modified_gmt":"2024-07-11T13:53:04","slug":"sofa-pons-tecno-copia","status":"publish","type":"product","link":"https:\/\/ikonisch.pt\/es\/produtos\/sofa-pons-tecno-copia\/","title":{"rendered":"Conjunto de sof\u00e1 y mesa de centro Pons &#8211; Tecno"},"content":{"rendered":"","protected":false},"excerpt":{"rendered":"<p>Conjunto de sof\u00e1 y mesa de centro de la gama Pons de Tecno, dise\u00f1ado por Rodolfo Dordoni.<\/p>\n<p>El sistema de sof\u00e1s PONS D011 de Tecno se caracteriza por la modularidad, la facilidad de montaje y la extrema flexibilidad de sus componentes, as\u00ed como por el alto nivel de confort que se consigue mediante el uso de diferentes densidades de tapicer\u00eda. El sistema consta de una estructura modular b\u00e1sica equipada con una serie de accesorios universales. Gracias a los elementos que pueden instalarse en distintas posiciones, el sistema es extremadamente f\u00e1cil de personalizar y adaptar a las necesidades de su entorno. Las bases de aluminio est\u00e1n pulidas o pintadas en gris oscuro mate. El dise\u00f1o del sistema presenta varios elementos caracter\u00edsticos de las colecciones Tecno (patas y acabados), por lo que se integra perfectamente con otros productos Tecno. Tama\u00f1o del sof\u00e1: 182x81x74(h) cm<\/p>\n<p>El sistema de mesas PONS, dise\u00f1ado para Tecno por Rodolfo Dordoni, ha sido especialmente concebido para zonas de espera, salones y ambientes direccionales, pero tambi\u00e9n est\u00e1 perfectamente adaptado y enmarcado para proyectos de interiorismo en entornos dom\u00e9sticos. Las bases de aluminio est\u00e1n pulidas. Tablero de m\u00e1rmol blanco de Carrara. Medidas de la mesa: 120x80x25(h) cm.<\/p>\n<p>Para m\u00e1s informaci\u00f3n sobre precios, p\u00f3ngase en contacto con nosotros por correo electr\u00f3nico en\u00a0<a href=\"mailto:info@ikonisch.pt\"><strong>info@ikonisch.pt<\/strong><\/a>\u00a0o por tel\u00e9fono en el\u00a0<strong>+351 913 068 270<\/strong>.<\/p>\n","protected":false},"featured_media":24643,"template":"","meta":{"_acf_changed":false,"inline_featured_image":false},"product_brand":[],"product_cat":[694,697],"product_tag":[1784,836],"class_list":{"0":"post-24640","1":"product","2":"type-product","3":"status-publish","4":"has-post-thumbnail","6":"product_cat-mesas-es","7":"product_cat-sofas-y-sillones","8":"product_tag-rodolfo-dordoni-es","9":"product_tag-tecno-es","11":"first","12":"outofstock","13":"shipping-taxable","14":"product-type-simple"},"acf":[],"aioseo_notices":[],"_links":{"self":[{"href":"https:\/\/ikonisch.pt\/es\/wp-json\/wp\/v2\/product\/24640","targetHints":{"allow":["GET"]}}],"collection":[{"href":"https:\/\/ikonisch.pt\/es\/wp-json\/wp\/v2\/product"}],"about":[{"href":"https:\/\/ikonisch.pt\/es\/wp-json\/wp\/v2\/types\/product"}],"wp:featuredmedia":[{"embeddable":true,"href":"https:\/\/ikonisch.pt\/es\/wp-json\/wp\/v2\/media\/24643"}],"wp:attachment":[{"href":"https:\/\/ikonisch.pt\/es\/wp-json\/wp\/v2\/media?parent=24640"}],"wp:term":[{"taxonomy":"product_brand","embeddable":true,"href":"https:\/\/ikonisch.pt\/es\/wp-json\/wp\/v2\/product_brand?post=24640"},{"taxonomy":"product_cat","embeddable":true,"href":"https:\/\/ikonisch.pt\/es\/wp-json\/wp\/v2\/product_cat?post=24640"},{"taxonomy":"product_tag","embeddable":true,"href":"https:\/\/ikonisch.pt\/es\/wp-json\/wp\/v2\/product_tag?post=24640"}],"curies":[{"name":"wp","href":"https:\/\/api.w.org\/{rel}","templated":true}]}}