{"id":24649,"date":"2024-07-11T14:27:21","date_gmt":"2024-07-11T14:27:22","guid":{"rendered":"https:\/\/ikonisch.pt\/?post_type=product&#038;p=24649"},"modified":"2024-12-20T12:22:03","modified_gmt":"2024-12-20T12:22:03","slug":"tipo-nome-brand-copia-36","status":"publish","type":"product","link":"https:\/\/ikonisch.pt\/es\/produtos\/tipo-nome-brand-copia-36\/","title":{"rendered":"Sill\u00f3n Kiss &#8211; Sancal"},"content":{"rendered":"","protected":false},"excerpt":{"rendered":"<p>El sill\u00f3n Kiss, dise\u00f1ado por Dual Design para Sancal en 2007, es perfecto para el mercado del contract. De l\u00edneas rectas, proporciones sobrias, respaldo bajo y brazos, Kiss tiene una diferencia llamativa: es realmente c\u00f3modo, algo esencial en piezas dise\u00f1adas principalmente para espacios p\u00fablicos. Tiene una base de aluminio satinado, una estructura fija tapizada en piel y una funda de coj\u00edn desenfundable.<\/p>\n<p>Modelo: 117.11.J \/ KISS SILLON 86<\/p>\n<p>Altura del asiento: 42 cm<\/p>\n<p>Atenci\u00f3n: Precio unitario.<\/p>\n<p><strong>Realizamos entregas a nivel mundial. Para env\u00edos fuera de Portugal y Espa\u00f1a, por favor, cont\u00e1ctenos para recibir un presupuesto personalizado.<\/strong><\/p>\n<p>Para m\u00e1s informaci\u00f3n sobre precios, p\u00f3ngase en contacto con nosotros por correo electr\u00f3nico en\u00a0<a href=\"mailto:info@ikonisch.pt\"><strong>info@ikonisch.pt<\/strong><\/a>\u00a0o por tel\u00e9fono en el\u00a0<strong>+351 913 068 270<\/strong>.<\/p>\n","protected":false},"featured_media":29128,"template":"","meta":{"_acf_changed":false,"inline_featured_image":false},"product_brand":[],"product_cat":[691,697],"product_tag":[1801,827],"class_list":{"0":"post-24649","1":"product","2":"type-product","3":"status-publish","4":"has-post-thumbnail","6":"product_cat-oficina","7":"product_cat-sofas-y-sillones","8":"product_tag-dual-design-es","9":"product_tag-sancal-es","11":"first","12":"outofstock","13":"shipping-taxable","14":"purchasable","15":"product-type-simple"},"acf":[],"aioseo_notices":[],"_links":{"self":[{"href":"https:\/\/ikonisch.pt\/es\/wp-json\/wp\/v2\/product\/24649","targetHints":{"allow":["GET"]}}],"collection":[{"href":"https:\/\/ikonisch.pt\/es\/wp-json\/wp\/v2\/product"}],"about":[{"href":"https:\/\/ikonisch.pt\/es\/wp-json\/wp\/v2\/types\/product"}],"wp:featuredmedia":[{"embeddable":true,"href":"https:\/\/ikonisch.pt\/es\/wp-json\/wp\/v2\/media\/29128"}],"wp:attachment":[{"href":"https:\/\/ikonisch.pt\/es\/wp-json\/wp\/v2\/media?parent=24649"}],"wp:term":[{"taxonomy":"product_brand","embeddable":true,"href":"https:\/\/ikonisch.pt\/es\/wp-json\/wp\/v2\/product_brand?post=24649"},{"taxonomy":"product_cat","embeddable":true,"href":"https:\/\/ikonisch.pt\/es\/wp-json\/wp\/v2\/product_cat?post=24649"},{"taxonomy":"product_tag","embeddable":true,"href":"https:\/\/ikonisch.pt\/es\/wp-json\/wp\/v2\/product_tag?post=24649"}],"curies":[{"name":"wp","href":"https:\/\/api.w.org\/{rel}","templated":true}]}}