{"id":24703,"date":"2024-07-12T10:30:42","date_gmt":"2024-07-12T10:30:43","guid":{"rendered":"https:\/\/ikonisch.pt\/?post_type=product&#038;p=24703"},"modified":"2024-10-18T14:53:19","modified_gmt":"2024-10-18T14:53:19","slug":"tipo-nome-brand-copia-39","status":"publish","type":"product","link":"https:\/\/ikonisch.pt\/es\/produtos\/tipo-nome-brand-copia-39\/","title":{"rendered":"Jarr\u00f3n BD Love &#8211; BD Barcelona"},"content":{"rendered":"","protected":false},"excerpt":{"rendered":"<p>El jarr\u00f3n BDLove, dise\u00f1ado por Ross Lovegrove para BD Barcelona, tiene un dise\u00f1o inspirado en las curvas org\u00e1nicas de la naturaleza. Su forma fluida y alargada permite utilizarlo tambi\u00e9n como banco. La maceta est\u00e1 dise\u00f1ada para ser rellenada con tierra. Est\u00e1 fabricada en polietileno rotomoldeado, un material 100% impermeable. Puede utilizarse tanto en interiores como en exteriores.<\/p>\n<p>Adem\u00e1s de una zona para sentarse, la maceta BD Love puede contener una generosa cantidad de tierra, lo que ofrece una gran variedad de opciones de jardiner\u00eda. Para instalaciones interiores y exteriores con un volumen que no permite que pase desapercibida, a\u00f1adiendo color y dinamismo a los espacios.<\/p>\n<p><strong>Realizamos entregas a nivel mundial. Para env\u00edos fuera de Portugal y Espa\u00f1a, por favor, cont\u00e1ctenos para recibir un presupuesto personalizado.<\/strong><\/p>\n<p>Para m\u00e1s informaci\u00f3n sobre precios, p\u00f3ngase en contacto con nosotros por correo electr\u00f3nico en\u00a0<a href=\"mailto:info@ikonisch.pt\"><strong>info@ikonisch.pt<\/strong><\/a>\u00a0o por tel\u00e9fono en el\u00a0<strong>+351 913 068 270<\/strong>.<\/p>\n","protected":false},"featured_media":25036,"template":"","meta":{"_acf_changed":false,"inline_featured_image":false},"product_brand":[],"product_cat":[686],"product_tag":[1331,1789],"class_list":{"0":"post-24703","1":"product","2":"type-product","3":"status-publish","4":"has-post-thumbnail","6":"product_cat-accesorios","7":"product_tag-bd-barcelona-design-es","8":"product_tag-ross-lovegrove-es","10":"first","11":"instock","12":"shipping-taxable","13":"purchasable","14":"product-type-simple"},"acf":[],"aioseo_notices":[],"_links":{"self":[{"href":"https:\/\/ikonisch.pt\/es\/wp-json\/wp\/v2\/product\/24703","targetHints":{"allow":["GET"]}}],"collection":[{"href":"https:\/\/ikonisch.pt\/es\/wp-json\/wp\/v2\/product"}],"about":[{"href":"https:\/\/ikonisch.pt\/es\/wp-json\/wp\/v2\/types\/product"}],"wp:featuredmedia":[{"embeddable":true,"href":"https:\/\/ikonisch.pt\/es\/wp-json\/wp\/v2\/media\/25036"}],"wp:attachment":[{"href":"https:\/\/ikonisch.pt\/es\/wp-json\/wp\/v2\/media?parent=24703"}],"wp:term":[{"taxonomy":"product_brand","embeddable":true,"href":"https:\/\/ikonisch.pt\/es\/wp-json\/wp\/v2\/product_brand?post=24703"},{"taxonomy":"product_cat","embeddable":true,"href":"https:\/\/ikonisch.pt\/es\/wp-json\/wp\/v2\/product_cat?post=24703"},{"taxonomy":"product_tag","embeddable":true,"href":"https:\/\/ikonisch.pt\/es\/wp-json\/wp\/v2\/product_tag?post=24703"}],"curies":[{"name":"wp","href":"https:\/\/api.w.org\/{rel}","templated":true}]}}