{"id":24853,"date":"2024-07-18T10:13:19","date_gmt":"2024-07-18T10:13:20","guid":{"rendered":"https:\/\/ikonisch.pt\/?post_type=product&#038;p=24853"},"modified":"2024-07-18T10:30:09","modified_gmt":"2024-07-18T10:30:09","slug":"sofa-maralunga-doble-cassina-copia","status":"publish","type":"product","link":"https:\/\/ikonisch.pt\/es\/produtos\/sofa-maralunga-doble-cassina-copia\/","title":{"rendered":"Sof\u00e1 doble marr\u00f3n Maralunga &#8211; Cassina"},"content":{"rendered":"<p>Cassina es una marca de dise\u00f1o italiana conocida por su pasi\u00f3n por la madera y el cuero. La l\u00ednea Cassina incluye varios cl\u00e1sicos ic\u00f3nicos, como el LC4 de Le Corbusier. Otros dise\u00f1adores famosos como Frank Lloyd Wright y Gerrit Rietveld tambi\u00e9n cobran vida en la colecci\u00f3n Cassina. Adem\u00e1s de estos dise\u00f1os consagrados por el tiempo, la marca Cassina surge constantemente con nuevas ideas, ofreciendo una colecci\u00f3n rica y variada de cl\u00e1sicos y dise\u00f1o moderno.<\/p>\n","protected":false},"excerpt":{"rendered":"<p>Dise\u00f1ado por Vico Magistretti para Cassina, el sof\u00e1 doble Maralunga es un modelo de belleza y armon\u00eda donde la artesan\u00eda y la innovaci\u00f3n se unen en un esp\u00edritu vanguardista. Estructura de tubo de acero con correas el\u00e1sticas, relleno de espuma de poliuretano sin CFC de densidad variable, reposacabezas con mecanismo patentado de subida y bajada independiente para cada asiento. Asiento, respaldo y reposacabezas de cuero marr\u00f3n natural.<\/p>\n<p>Para m\u00e1s informaci\u00f3n sobre precios, p\u00f3ngase en contacto con nosotros por correo electr\u00f3nico en\u00a0<a href=\"mailto:info@ikonisch.pt\"><strong>info@ikonisch.pt<\/strong><\/a>\u00a0o por tel\u00e9fono en el\u00a0<strong>+351 913 068 270<\/strong>.<\/p>\n","protected":false},"featured_media":24856,"template":"","meta":{"_acf_changed":false,"inline_featured_image":false},"product_brand":[],"product_cat":[690,697],"product_tag":[732,1192],"class_list":{"0":"post-24853","1":"product","2":"type-product","3":"status-publish","4":"has-post-thumbnail","6":"product_cat-hogar","7":"product_cat-sofas-y-sillones","8":"product_tag-cassina-es","9":"product_tag-vico-magistretti-es","11":"first","12":"outofstock","13":"shipping-taxable","14":"product-type-simple"},"acf":[],"aioseo_notices":[],"_links":{"self":[{"href":"https:\/\/ikonisch.pt\/es\/wp-json\/wp\/v2\/product\/24853","targetHints":{"allow":["GET"]}}],"collection":[{"href":"https:\/\/ikonisch.pt\/es\/wp-json\/wp\/v2\/product"}],"about":[{"href":"https:\/\/ikonisch.pt\/es\/wp-json\/wp\/v2\/types\/product"}],"wp:featuredmedia":[{"embeddable":true,"href":"https:\/\/ikonisch.pt\/es\/wp-json\/wp\/v2\/media\/24856"}],"wp:attachment":[{"href":"https:\/\/ikonisch.pt\/es\/wp-json\/wp\/v2\/media?parent=24853"}],"wp:term":[{"taxonomy":"product_brand","embeddable":true,"href":"https:\/\/ikonisch.pt\/es\/wp-json\/wp\/v2\/product_brand?post=24853"},{"taxonomy":"product_cat","embeddable":true,"href":"https:\/\/ikonisch.pt\/es\/wp-json\/wp\/v2\/product_cat?post=24853"},{"taxonomy":"product_tag","embeddable":true,"href":"https:\/\/ikonisch.pt\/es\/wp-json\/wp\/v2\/product_tag?post=24853"}],"curies":[{"name":"wp","href":"https:\/\/api.w.org\/{rel}","templated":true}]}}