{"id":25157,"date":"2024-08-06T15:29:40","date_gmt":"2024-08-06T15:29:40","guid":{"rendered":"https:\/\/ikonisch.pt\/?post_type=product&#038;p=25157"},"modified":"2024-10-18T14:51:56","modified_gmt":"2024-10-18T14:51:56","slug":"tipo-nome-brand-copia-41","status":"publish","type":"product","link":"https:\/\/ikonisch.pt\/es\/produtos\/tipo-nome-brand-copia-41\/","title":{"rendered":"Mesa de centro Caulfield &#8211; Minotti"},"content":{"rendered":"","protected":false},"excerpt":{"rendered":"<p>La mesa de centro Caulfield dise\u00f1ada por Rodolfo Dordoni para Minotti, inspirada en la m\u00e1xima \u00abMenos es m\u00e1s\u00bb, enfatiza el dise\u00f1o de espacios vac\u00edos, mientras que el uso de materiales se ha reducido al m\u00ednimo posible. Estructura de columna delgada que soporta una superficie m\u00ednima.<\/p>\n<p>Estructura met\u00e1lica formada por varillas de \u00d8 10 mm y \u00d8 6 mm; acabado cromado brillante y deslizadores protectores de PVC.<br \/>\nEncimera de cristal templado gris ahumado de 10 mm de espesor.<\/p>\n<p><strong>Realizamos entregas a nivel mundial. Para env\u00edos fuera de Portugal y Espa\u00f1a, por favor, cont\u00e1ctenos para recibir un presupuesto personalizado.<\/strong><\/p>\n<p>Para m\u00e1s informaci\u00f3n sobre precios, p\u00f3ngase en contacto con nosotros por correo electr\u00f3nico en\u00a0<a href=\"mailto:info@ikonisch.pt\"><strong>info@ikonisch.pt<\/strong><\/a>\u00a0o por tel\u00e9fono en el\u00a0<strong>+351 913 068 270<\/strong>.<\/p>\n","protected":false},"featured_media":31188,"template":"","meta":{"_acf_changed":false,"inline_featured_image":false},"product_brand":[],"product_cat":[690,694],"product_tag":[1852,1784],"class_list":{"0":"post-25157","1":"product","2":"type-product","3":"status-publish","4":"has-post-thumbnail","6":"product_cat-hogar","7":"product_cat-mesas-es","8":"product_tag-minotti-es","9":"product_tag-rodolfo-dordoni-es","11":"first","12":"outofstock","13":"shipping-taxable","14":"product-type-simple"},"acf":[],"aioseo_notices":[],"_links":{"self":[{"href":"https:\/\/ikonisch.pt\/es\/wp-json\/wp\/v2\/product\/25157","targetHints":{"allow":["GET"]}}],"collection":[{"href":"https:\/\/ikonisch.pt\/es\/wp-json\/wp\/v2\/product"}],"about":[{"href":"https:\/\/ikonisch.pt\/es\/wp-json\/wp\/v2\/types\/product"}],"wp:featuredmedia":[{"embeddable":true,"href":"https:\/\/ikonisch.pt\/es\/wp-json\/wp\/v2\/media\/31188"}],"wp:attachment":[{"href":"https:\/\/ikonisch.pt\/es\/wp-json\/wp\/v2\/media?parent=25157"}],"wp:term":[{"taxonomy":"product_brand","embeddable":true,"href":"https:\/\/ikonisch.pt\/es\/wp-json\/wp\/v2\/product_brand?post=25157"},{"taxonomy":"product_cat","embeddable":true,"href":"https:\/\/ikonisch.pt\/es\/wp-json\/wp\/v2\/product_cat?post=25157"},{"taxonomy":"product_tag","embeddable":true,"href":"https:\/\/ikonisch.pt\/es\/wp-json\/wp\/v2\/product_tag?post=25157"}],"curies":[{"name":"wp","href":"https:\/\/api.w.org\/{rel}","templated":true}]}}