{"id":25374,"date":"2024-08-27T15:24:27","date_gmt":"2024-08-27T15:24:27","guid":{"rendered":"https:\/\/ikonisch.pt\/?post_type=product&#038;p=25374"},"modified":"2024-08-27T15:52:18","modified_gmt":"2024-08-27T15:52:18","slug":"silla-zas-dynamobel-copia","status":"publish","type":"product","link":"https:\/\/ikonisch.pt\/es\/produtos\/silla-zas-dynamobel-copia\/","title":{"rendered":"Silla sin brazos Zas &#8211; Dynamobel"},"content":{"rendered":"","protected":false},"excerpt":{"rendered":"<p>Silla operativa giratoria con respaldo medio y sin brazos. Asiento de tela y respaldo de rejilla. Base de cinco radios y estructura de respaldo de aluminio pintado. Sistema de elevaci\u00f3n neum\u00e1tico, regulaci\u00f3n de la profundidad del asiento y reclinaci\u00f3n del respaldo con memoria.<\/p>\n","protected":false},"featured_media":25491,"template":"","meta":{"_acf_changed":false,"inline_featured_image":false},"product_brand":[],"product_cat":[691],"product_tag":[744,1873],"class_list":{"0":"post-25374","1":"product","2":"type-product","3":"status-publish","4":"has-post-thumbnail","6":"product_cat-oficina","7":"product_tag-dynamobel-es","8":"product_tag-mario-ruiz-es","10":"first","11":"outofstock","12":"shipping-taxable","13":"purchasable","14":"product-type-simple"},"acf":[],"aioseo_notices":[],"_links":{"self":[{"href":"https:\/\/ikonisch.pt\/es\/wp-json\/wp\/v2\/product\/25374","targetHints":{"allow":["GET"]}}],"collection":[{"href":"https:\/\/ikonisch.pt\/es\/wp-json\/wp\/v2\/product"}],"about":[{"href":"https:\/\/ikonisch.pt\/es\/wp-json\/wp\/v2\/types\/product"}],"wp:featuredmedia":[{"embeddable":true,"href":"https:\/\/ikonisch.pt\/es\/wp-json\/wp\/v2\/media\/25491"}],"wp:attachment":[{"href":"https:\/\/ikonisch.pt\/es\/wp-json\/wp\/v2\/media?parent=25374"}],"wp:term":[{"taxonomy":"product_brand","embeddable":true,"href":"https:\/\/ikonisch.pt\/es\/wp-json\/wp\/v2\/product_brand?post=25374"},{"taxonomy":"product_cat","embeddable":true,"href":"https:\/\/ikonisch.pt\/es\/wp-json\/wp\/v2\/product_cat?post=25374"},{"taxonomy":"product_tag","embeddable":true,"href":"https:\/\/ikonisch.pt\/es\/wp-json\/wp\/v2\/product_tag?post=25374"}],"curies":[{"name":"wp","href":"https:\/\/api.w.org\/{rel}","templated":true}]}}