{"id":25377,"date":"2024-08-27T15:29:46","date_gmt":"2024-08-27T15:29:46","guid":{"rendered":"https:\/\/ikonisch.pt\/?post_type=product&#038;p=25377"},"modified":"2024-10-18T14:49:49","modified_gmt":"2024-10-18T14:49:49","slug":"tipo-nome-brand-copia-44","status":"publish","type":"product","link":"https:\/\/ikonisch.pt\/es\/produtos\/tipo-nome-brand-copia-44\/","title":{"rendered":"Silla Rookie &#8211; Vitra"},"content":{"rendered":"","protected":false},"excerpt":{"rendered":"<p>La Silla Rookie dise\u00f1ada por Konstantin Grcic para Vitra es una silla peque\u00f1a, \u00e1gil y de una sencillez poco convencional pensada para entornos que fomentan la creaci\u00f3n y el intercambio de ideas. Proporciona un alto nivel de confort inmediato con un n\u00famero m\u00ednimo de ajustes. Tanto el asiento como el respaldo de Rookie son regulables en altura. El respaldo se flexiona ligeramente cuando se aplica presi\u00f3n, y el borde delantero del asiento es excepcionalmente flexible.<\/p>\n<p>Medidas:<br \/>\nBase: 68,5 x 68,5 cm<br \/>\nAltura: 71\/90 cm<br \/>\nAltura del asiento: 36,5\/51,5 cm<\/p>\n<p>Tejido Vitra: ref. Plano &#8211; 40 coconut\/forest.<\/p>\n<p>Atenci\u00f3n: Precio unitario.<\/p>\n<p><strong>Realizamos entregas a nivel mundial. Para env\u00edos fuera de Portugal y Espa\u00f1a, por favor, cont\u00e1ctenos para recibir un presupuesto personalizado.<\/strong><\/p>\n<p>Para m\u00e1s informaci\u00f3n sobre precios, p\u00f3ngase en contacto con nosotros por correo electr\u00f3nico en\u00a0<a href=\"mailto:info@ikonisch.pt\"><strong>info@ikonisch.pt<\/strong><\/a>\u00a0o por tel\u00e9fono en el\u00a0<strong>+351 913 068 270<\/strong>.<\/p>\n","protected":false},"featured_media":25580,"template":"","meta":{"_acf_changed":false,"inline_featured_image":false},"product_brand":[],"product_cat":[691],"product_tag":[1185,848],"class_list":{"0":"post-25377","1":"product","2":"type-product","3":"status-publish","4":"has-post-thumbnail","6":"product_cat-oficina","7":"product_tag-konstantin-grcic-es","8":"product_tag-vitra-es","10":"first","11":"outofstock","12":"shipping-taxable","13":"purchasable","14":"product-type-simple"},"acf":[],"aioseo_notices":[],"_links":{"self":[{"href":"https:\/\/ikonisch.pt\/es\/wp-json\/wp\/v2\/product\/25377","targetHints":{"allow":["GET"]}}],"collection":[{"href":"https:\/\/ikonisch.pt\/es\/wp-json\/wp\/v2\/product"}],"about":[{"href":"https:\/\/ikonisch.pt\/es\/wp-json\/wp\/v2\/types\/product"}],"wp:featuredmedia":[{"embeddable":true,"href":"https:\/\/ikonisch.pt\/es\/wp-json\/wp\/v2\/media\/25580"}],"wp:attachment":[{"href":"https:\/\/ikonisch.pt\/es\/wp-json\/wp\/v2\/media?parent=25377"}],"wp:term":[{"taxonomy":"product_brand","embeddable":true,"href":"https:\/\/ikonisch.pt\/es\/wp-json\/wp\/v2\/product_brand?post=25377"},{"taxonomy":"product_cat","embeddable":true,"href":"https:\/\/ikonisch.pt\/es\/wp-json\/wp\/v2\/product_cat?post=25377"},{"taxonomy":"product_tag","embeddable":true,"href":"https:\/\/ikonisch.pt\/es\/wp-json\/wp\/v2\/product_tag?post=25377"}],"curies":[{"name":"wp","href":"https:\/\/api.w.org\/{rel}","templated":true}]}}