{"id":25502,"date":"2024-09-03T11:13:49","date_gmt":"2024-09-03T11:13:50","guid":{"rendered":"https:\/\/ikonisch.pt\/?post_type=product&#038;p=25502"},"modified":"2024-10-18T14:47:35","modified_gmt":"2024-10-18T14:47:35","slug":"viga-de-recepcion-modelo-catifa-53-arper-copia","status":"publish","type":"product","link":"https:\/\/ikonisch.pt\/es\/produtos\/viga-de-recepcion-modelo-catifa-53-arper-copia\/","title":{"rendered":"Viga de Recepci\u00f3n 4 pax Modelo Catifa 53 \u2013 Arper"},"content":{"rendered":"","protected":false},"excerpt":{"rendered":"<p>Viga de recepci\u00f3n con asientos y espalda en polipropileno en color blanco con 4 asientos\/asientos por viga modelo CATIFA 53 de ARPER. Reposapi\u00e9s en aluminio y viga de soporte de asientos en acero pintado en color blanco.<\/p>\n<p><strong>Realizamos entregas a nivel mundial. Para env\u00edos fuera de Portugal y Espa\u00f1a, por favor, cont\u00e1ctenos para recibir un presupuesto personalizado.<\/strong><\/p>\n<p>Para m\u00e1s informaci\u00f3n sobre precios, p\u00f3ngase en contacto con nosotros por correo electr\u00f3nico en\u00a0<a href=\"mailto:info@ikonisch.pt\"><strong>info@ikonisch.pt<\/strong><\/a>\u00a0o por tel\u00e9fono en el\u00a0<strong>+351 913 068 270<\/strong>.<\/p>\n","protected":false},"featured_media":31550,"template":"","meta":{"_acf_changed":false,"inline_featured_image":false},"product_brand":[],"product_cat":[691],"product_tag":[712,1363],"class_list":{"0":"post-25502","1":"product","2":"type-product","3":"status-publish","4":"has-post-thumbnail","6":"product_cat-oficina","7":"product_tag-arper-es","8":"product_tag-lievore-altherr-molina-es","10":"first","11":"instock","12":"shipping-taxable","13":"purchasable","14":"product-type-simple"},"acf":[],"aioseo_notices":[],"_links":{"self":[{"href":"https:\/\/ikonisch.pt\/es\/wp-json\/wp\/v2\/product\/25502","targetHints":{"allow":["GET"]}}],"collection":[{"href":"https:\/\/ikonisch.pt\/es\/wp-json\/wp\/v2\/product"}],"about":[{"href":"https:\/\/ikonisch.pt\/es\/wp-json\/wp\/v2\/types\/product"}],"wp:featuredmedia":[{"embeddable":true,"href":"https:\/\/ikonisch.pt\/es\/wp-json\/wp\/v2\/media\/31550"}],"wp:attachment":[{"href":"https:\/\/ikonisch.pt\/es\/wp-json\/wp\/v2\/media?parent=25502"}],"wp:term":[{"taxonomy":"product_brand","embeddable":true,"href":"https:\/\/ikonisch.pt\/es\/wp-json\/wp\/v2\/product_brand?post=25502"},{"taxonomy":"product_cat","embeddable":true,"href":"https:\/\/ikonisch.pt\/es\/wp-json\/wp\/v2\/product_cat?post=25502"},{"taxonomy":"product_tag","embeddable":true,"href":"https:\/\/ikonisch.pt\/es\/wp-json\/wp\/v2\/product_tag?post=25502"}],"curies":[{"name":"wp","href":"https:\/\/api.w.org\/{rel}","templated":true}]}}