{"id":25614,"date":"2024-09-24T12:48:52","date_gmt":"2024-09-24T12:48:52","guid":{"rendered":"https:\/\/ikonisch.pt\/?post_type=product&#038;p=25614"},"modified":"2024-10-18T14:46:51","modified_gmt":"2024-10-18T14:46:51","slug":"tipo-nome-brand-copia-47","status":"publish","type":"product","link":"https:\/\/ikonisch.pt\/es\/produtos\/tipo-nome-brand-copia-47\/","title":{"rendered":"Repisa de Chimenea estilo Luis XVI &#8211; Dagan"},"content":{"rendered":"","protected":false},"excerpt":{"rendered":"<p>Fabricado por Dagan, LLC en EE.UU., este frente de chimenea est\u00e1 inspirado en el estilo Luis XVI, y presenta una forma de abanico de lat\u00f3n y bronce con encaje met\u00e1lico, y una elegante pieza decorativa de motivos vegetales estilizados. Este hogar combina funcionalidad y arte, protegiendo de chispas y brasas a la vez que a\u00f1ade un toque de sofisticaci\u00f3n y belleza a un ambiente c\u00e1lido y acogedor. Una pieza cl\u00e1sica que evoca el encanto y la calidad de la artesan\u00eda de \u00e9pocas pasadas.<\/p>\n<p><strong>Realizamos entregas a nivel mundial. Para env\u00edos fuera de Portugal y Espa\u00f1a, por favor, cont\u00e1ctenos para recibir un presupuesto personalizado.<\/strong><\/p>\n<p>Para m\u00e1s informaci\u00f3n sobre precios, p\u00f3ngase en contacto con nosotros por correo electr\u00f3nico en\u00a0<a href=\"mailto:info@ikonisch.pt\"><strong>info@ikonisch.pt<\/strong><\/a>\u00a0o por tel\u00e9fono en el\u00a0<strong>+351 913 068 270<\/strong>.<\/p>\n","protected":false},"featured_media":25641,"template":"","meta":{"_acf_changed":false,"inline_featured_image":false},"product_brand":[],"product_cat":[686,690],"product_tag":[1903],"class_list":{"0":"post-25614","1":"product","2":"type-product","3":"status-publish","4":"has-post-thumbnail","6":"product_cat-accesorios","7":"product_cat-hogar","8":"product_tag-dagan-es","10":"first","11":"outofstock","12":"shipping-taxable","13":"purchasable","14":"product-type-simple"},"acf":[],"aioseo_notices":[],"_links":{"self":[{"href":"https:\/\/ikonisch.pt\/es\/wp-json\/wp\/v2\/product\/25614","targetHints":{"allow":["GET"]}}],"collection":[{"href":"https:\/\/ikonisch.pt\/es\/wp-json\/wp\/v2\/product"}],"about":[{"href":"https:\/\/ikonisch.pt\/es\/wp-json\/wp\/v2\/types\/product"}],"wp:featuredmedia":[{"embeddable":true,"href":"https:\/\/ikonisch.pt\/es\/wp-json\/wp\/v2\/media\/25641"}],"wp:attachment":[{"href":"https:\/\/ikonisch.pt\/es\/wp-json\/wp\/v2\/media?parent=25614"}],"wp:term":[{"taxonomy":"product_brand","embeddable":true,"href":"https:\/\/ikonisch.pt\/es\/wp-json\/wp\/v2\/product_brand?post=25614"},{"taxonomy":"product_cat","embeddable":true,"href":"https:\/\/ikonisch.pt\/es\/wp-json\/wp\/v2\/product_cat?post=25614"},{"taxonomy":"product_tag","embeddable":true,"href":"https:\/\/ikonisch.pt\/es\/wp-json\/wp\/v2\/product_tag?post=25614"}],"curies":[{"name":"wp","href":"https:\/\/api.w.org\/{rel}","templated":true}]}}