{"id":25617,"date":"2024-09-24T12:56:06","date_gmt":"2024-09-24T12:56:07","guid":{"rendered":"https:\/\/ikonisch.pt\/?post_type=product&#038;p=25617"},"modified":"2024-10-18T14:46:04","modified_gmt":"2024-10-18T14:46:04","slug":"sillon-pfister-negro-florence-knoll-copia","status":"publish","type":"product","link":"https:\/\/ikonisch.pt\/es\/produtos\/sillon-pfister-negro-florence-knoll-copia\/","title":{"rendered":"Sof\u00e1 Triple Pfister Cuero Negro &#8211; Knoll"},"content":{"rendered":"","protected":false},"excerpt":{"rendered":"<p>Sof\u00e1 Pfister Triple Vintage moderno de mediados de siglo, de Knoll originail, en cuero negro. Una sencilla forma cubista de l\u00edneas limpias, sobre una base aparentemente flotante, son caracter\u00edsticas de la est\u00e9tica de este sof\u00e1 de dise\u00f1o Knoll. Las piezas Pfister son agresivamente funcionales, pero no por ello carecen de elegancia, logrando un dif\u00edcil equilibrio. Este sof\u00e1 triple club o lounge se encuentra en estado original de \u00e9poca con un acabado en cuero natural negro y conserva la etiqueta original \u00abKnoll\u00bb bajo la silla. Una pieza elegante y distintiva que podr\u00eda formar parte de cualquier proyecto de interiorismo. Excelente para uso dom\u00e9stico o de oficina. Este sof\u00e1 muestra el desgaste y la edad de un cl\u00e1sico compatino original.<\/p>\n<p><strong>Realizamos entregas a nivel mundial. Para env\u00edos fuera de Portugal y Espa\u00f1a, por favor, cont\u00e1ctenos para recibir un presupuesto personalizado.<\/strong><\/p>\n<p>Para m\u00e1s informaci\u00f3n sobre precios, p\u00f3ngase en contacto con nosotros por correo electr\u00f3nico en\u00a0<a href=\"mailto:info@ikonisch.pt\"><strong>info@ikonisch.pt<\/strong><\/a>\u00a0o por tel\u00e9fono en el\u00a0<strong>+351 913 068 270<\/strong>.<\/p>\n","protected":false},"featured_media":25644,"template":"","meta":{"_acf_changed":false,"inline_featured_image":false},"product_brand":[],"product_cat":[697],"product_tag":[1699,779],"class_list":{"0":"post-25617","1":"product","2":"type-product","3":"status-publish","4":"has-post-thumbnail","6":"product_cat-sofas-y-sillones","7":"product_tag-charles-pfister-es","8":"product_tag-knoll-es","10":"first","11":"outofstock","12":"shipping-taxable","13":"purchasable","14":"product-type-simple"},"acf":[],"aioseo_notices":[],"_links":{"self":[{"href":"https:\/\/ikonisch.pt\/es\/wp-json\/wp\/v2\/product\/25617","targetHints":{"allow":["GET"]}}],"collection":[{"href":"https:\/\/ikonisch.pt\/es\/wp-json\/wp\/v2\/product"}],"about":[{"href":"https:\/\/ikonisch.pt\/es\/wp-json\/wp\/v2\/types\/product"}],"wp:featuredmedia":[{"embeddable":true,"href":"https:\/\/ikonisch.pt\/es\/wp-json\/wp\/v2\/media\/25644"}],"wp:attachment":[{"href":"https:\/\/ikonisch.pt\/es\/wp-json\/wp\/v2\/media?parent=25617"}],"wp:term":[{"taxonomy":"product_brand","embeddable":true,"href":"https:\/\/ikonisch.pt\/es\/wp-json\/wp\/v2\/product_brand?post=25617"},{"taxonomy":"product_cat","embeddable":true,"href":"https:\/\/ikonisch.pt\/es\/wp-json\/wp\/v2\/product_cat?post=25617"},{"taxonomy":"product_tag","embeddable":true,"href":"https:\/\/ikonisch.pt\/es\/wp-json\/wp\/v2\/product_tag?post=25617"}],"curies":[{"name":"wp","href":"https:\/\/api.w.org\/{rel}","templated":true}]}}