{"id":25787,"date":"2024-09-30T11:13:46","date_gmt":"2024-09-30T11:13:46","guid":{"rendered":"https:\/\/ikonisch.pt\/?post_type=product&#038;p=25787"},"modified":"2024-10-18T14:07:28","modified_gmt":"2024-10-18T14:07:28","slug":"mesa-con-tablero-redondo-de-madera-o110cm-copia","status":"publish","type":"product","link":"https:\/\/ikonisch.pt\/es\/produtos\/mesa-con-tablero-redondo-de-madera-o110cm-copia\/","title":{"rendered":"Conjunto de mesa con tablero de madera ex\u00f3tica y sillas de acero verde"},"content":{"rendered":"","protected":false},"excerpt":{"rendered":"<p>Mesa redonda con tablero de listones de madera ex\u00f3tica fijados con finger joint y estructura de mimbre de acero macizo en color verde con niveladores de goma.<br \/>\nSillas del mismo material y acabado que la estructura de la mesa.<\/p>\n<p>Medidas de la mesa:<br \/>\n&#8211; Altura: 76cm;<br \/>\n&#8211; Di\u00e1metro tablero: \u00d8120cm;<\/p>\n<p>Medidas de las sillas:<br \/>\n&#8211; Anchura: 47cm \/ Profundidad: 61cm \/ Altura: 84cm;<br \/>\n&#8211; Altura del asiento: 47cm.<\/p>\n<p><strong>Realizamos entregas a nivel mundial. Para env\u00edos fuera de Portugal y Espa\u00f1a, por favor, cont\u00e1ctenos para recibir un presupuesto personalizado.<\/strong><\/p>\n<p>Para m\u00e1s informaci\u00f3n sobre precios, p\u00f3ngase en contacto con nosotros por correo electr\u00f3nico en\u00a0<a href=\"mailto:info@ikonisch.pt\"><strong>info@ikonisch.pt<\/strong><\/a>\u00a0o por tel\u00e9fono en el\u00a0<strong>+351 913 068 270<\/strong>.<\/p>\n","protected":false},"featured_media":25823,"template":"","meta":{"_acf_changed":false,"inline_featured_image":false},"product_brand":[],"product_cat":[694],"product_tag":[],"class_list":{"0":"post-25787","1":"product","2":"type-product","3":"status-publish","4":"has-post-thumbnail","6":"product_cat-mesas-es","8":"first","9":"instock","10":"shipping-taxable","11":"purchasable","12":"product-type-simple"},"acf":[],"aioseo_notices":[],"_links":{"self":[{"href":"https:\/\/ikonisch.pt\/es\/wp-json\/wp\/v2\/product\/25787","targetHints":{"allow":["GET"]}}],"collection":[{"href":"https:\/\/ikonisch.pt\/es\/wp-json\/wp\/v2\/product"}],"about":[{"href":"https:\/\/ikonisch.pt\/es\/wp-json\/wp\/v2\/types\/product"}],"wp:featuredmedia":[{"embeddable":true,"href":"https:\/\/ikonisch.pt\/es\/wp-json\/wp\/v2\/media\/25823"}],"wp:attachment":[{"href":"https:\/\/ikonisch.pt\/es\/wp-json\/wp\/v2\/media?parent=25787"}],"wp:term":[{"taxonomy":"product_brand","embeddable":true,"href":"https:\/\/ikonisch.pt\/es\/wp-json\/wp\/v2\/product_brand?post=25787"},{"taxonomy":"product_cat","embeddable":true,"href":"https:\/\/ikonisch.pt\/es\/wp-json\/wp\/v2\/product_cat?post=25787"},{"taxonomy":"product_tag","embeddable":true,"href":"https:\/\/ikonisch.pt\/es\/wp-json\/wp\/v2\/product_tag?post=25787"}],"curies":[{"name":"wp","href":"https:\/\/api.w.org\/{rel}","templated":true}]}}