{"id":25859,"date":"2024-09-30T12:51:17","date_gmt":"2024-09-30T12:51:17","guid":{"rendered":"https:\/\/ikonisch.pt\/?post_type=product&#038;p=25859"},"modified":"2024-10-18T14:03:55","modified_gmt":"2024-10-18T14:03:55","slug":"tipo-nome-brand-copia-67","status":"publish","type":"product","link":"https:\/\/ikonisch.pt\/es\/produtos\/tipo-nome-brand-copia-67\/","title":{"rendered":"Juego de sillas Snow 300 &#8211; Pedrali"},"content":{"rendered":"","protected":false},"excerpt":{"rendered":"<p>Juego de 5 sillas Snow 300 nuevas, sin usar, dise\u00f1adas por Odo Fioravanti para Pedrali. La silla Snow 300 es apilable y puede utilizarse tanto en exteriores como en interiores. Est\u00e1 fabricada en polipropileno cargado con fibras de vidrio y moldeada por inyecci\u00f3n con tecnolog\u00eda de moldeo por gas y aire, lo que le confiere solidez y ligereza al mismo tiempo. Tres unidades en blanco (300BI) y dos unidades en verde (300VE).<\/p>\n<p>Altura del asiento: 45,5 cm.<\/p>\n<p>Precio conjunto. Venta y env\u00edo de unidades bajo pedido.<\/p>\n<p><strong>Realizamos entregas a nivel mundial. Para env\u00edos fuera de Portugal y Espa\u00f1a, por favor, cont\u00e1ctenos para recibir un presupuesto personalizado.<\/strong><\/p>\n<p>Para m\u00e1s informaci\u00f3n sobre precios, p\u00f3ngase en contacto con nosotros por correo electr\u00f3nico en\u00a0<a href=\"mailto:info@ikonisch.pt\"><strong>info@ikonisch.pt<\/strong><\/a>\u00a0o por tel\u00e9fono en el\u00a0<strong>+351 913 068 270<\/strong>.<\/p>\n","protected":false},"featured_media":25976,"template":"","meta":{"_acf_changed":false,"inline_featured_image":false},"product_brand":[],"product_cat":[689],"product_tag":[1932,1933],"class_list":{"0":"post-25859","1":"product","2":"type-product","3":"status-publish","4":"has-post-thumbnail","6":"product_cat-sillas","7":"product_tag-odo-fioravanti-es","8":"product_tag-pedrali-es","10":"first","11":"outofstock","12":"shipping-taxable","13":"purchasable","14":"product-type-simple"},"acf":[],"aioseo_notices":[],"_links":{"self":[{"href":"https:\/\/ikonisch.pt\/es\/wp-json\/wp\/v2\/product\/25859","targetHints":{"allow":["GET"]}}],"collection":[{"href":"https:\/\/ikonisch.pt\/es\/wp-json\/wp\/v2\/product"}],"about":[{"href":"https:\/\/ikonisch.pt\/es\/wp-json\/wp\/v2\/types\/product"}],"wp:featuredmedia":[{"embeddable":true,"href":"https:\/\/ikonisch.pt\/es\/wp-json\/wp\/v2\/media\/25976"}],"wp:attachment":[{"href":"https:\/\/ikonisch.pt\/es\/wp-json\/wp\/v2\/media?parent=25859"}],"wp:term":[{"taxonomy":"product_brand","embeddable":true,"href":"https:\/\/ikonisch.pt\/es\/wp-json\/wp\/v2\/product_brand?post=25859"},{"taxonomy":"product_cat","embeddable":true,"href":"https:\/\/ikonisch.pt\/es\/wp-json\/wp\/v2\/product_cat?post=25859"},{"taxonomy":"product_tag","embeddable":true,"href":"https:\/\/ikonisch.pt\/es\/wp-json\/wp\/v2\/product_tag?post=25859"}],"curies":[{"name":"wp","href":"https:\/\/api.w.org\/{rel}","templated":true}]}}