{"id":25871,"date":"2024-09-30T14:14:05","date_gmt":"2024-09-30T14:14:06","guid":{"rendered":"https:\/\/ikonisch.pt\/?post_type=product&#038;p=25871"},"modified":"2024-10-18T08:45:37","modified_gmt":"2024-10-18T08:45:37","slug":"silla-hal-tube-negra-vitra-copia","status":"publish","type":"product","link":"https:\/\/ikonisch.pt\/es\/produtos\/silla-hal-tube-negra-vitra-copia\/","title":{"rendered":"Silla HAL Ply Tube &#8211; Vitra"},"content":{"rendered":"<p>Vitra es una empresa suiza dedicada a mejorar la calidad de los hogares, oficinas y espacios p\u00fablicos a trav\u00e9s del poder del dise\u00f1o. Una colecci\u00f3n de Vitra incluye muchos productos ic\u00f3nicos de dise\u00f1adores de renombre mundial, como la Lounge Chair de Ray &amp; Charles Eames y la Phanton Chair, que lleva el nombre del propio Verner Phanton. Los diferentes estilos de la marca demuestran su versatilidad y cada dise\u00f1ador individual tiene su propia firma de dise\u00f1o.<\/p>\n","protected":false},"excerpt":{"rendered":"<p>Silla HAL Ply Tube Chair dise\u00f1ada por Jasper Morrison en 2012 para Vitra, nueva, sin uso. El armaz\u00f3n del asiento de madera contrachapada de roble natural con barniz protector y una base de cuatro patas de acero tubular con recubrimiento en polvo negro texturizado confieren a la silla su car\u00e1cter elegante y discreto.<\/p>\n<p>Altura del asiento: 44,5 cm.<\/p>\n<p>A\u00f1o de fabricaci\u00f3n: 2013<\/p>\n<p>Realizamos entregas a nivel mundial. Para env\u00edos fuera de Portugal y Espa\u00f1a, por favor, cont\u00e1ctenos para recibir un presupuesto personalizado.<\/p>\n<p>Para m\u00e1s informaci\u00f3n sobre precios, p\u00f3ngase en contacto con nosotros por correo electr\u00f3nico en info@ikonisch.pt o por tel\u00e9fono en el +351 913 068 270.<\/p>\n","protected":false},"featured_media":26057,"template":"","meta":{"_acf_changed":false,"inline_featured_image":false},"product_brand":[],"product_cat":[689],"product_tag":[773,848],"class_list":{"0":"post-25871","1":"product","2":"type-product","3":"status-publish","4":"has-post-thumbnail","6":"product_cat-sillas","7":"product_tag-jasper-morrison-es","8":"product_tag-vitra-es","10":"first","11":"outofstock","12":"shipping-taxable","13":"purchasable","14":"product-type-simple"},"acf":[],"aioseo_notices":[],"_links":{"self":[{"href":"https:\/\/ikonisch.pt\/es\/wp-json\/wp\/v2\/product\/25871","targetHints":{"allow":["GET"]}}],"collection":[{"href":"https:\/\/ikonisch.pt\/es\/wp-json\/wp\/v2\/product"}],"about":[{"href":"https:\/\/ikonisch.pt\/es\/wp-json\/wp\/v2\/types\/product"}],"wp:featuredmedia":[{"embeddable":true,"href":"https:\/\/ikonisch.pt\/es\/wp-json\/wp\/v2\/media\/26057"}],"wp:attachment":[{"href":"https:\/\/ikonisch.pt\/es\/wp-json\/wp\/v2\/media?parent=25871"}],"wp:term":[{"taxonomy":"product_brand","embeddable":true,"href":"https:\/\/ikonisch.pt\/es\/wp-json\/wp\/v2\/product_brand?post=25871"},{"taxonomy":"product_cat","embeddable":true,"href":"https:\/\/ikonisch.pt\/es\/wp-json\/wp\/v2\/product_cat?post=25871"},{"taxonomy":"product_tag","embeddable":true,"href":"https:\/\/ikonisch.pt\/es\/wp-json\/wp\/v2\/product_tag?post=25871"}],"curies":[{"name":"wp","href":"https:\/\/api.w.org\/{rel}","templated":true}]}}