{"id":25886,"date":"2024-09-30T15:51:50","date_gmt":"2024-09-30T15:51:50","guid":{"rendered":"https:\/\/ikonisch.pt\/?post_type=product&#038;p=25886"},"modified":"2024-10-18T08:38:45","modified_gmt":"2024-10-18T08:38:45","slug":"tipo-nome-brand-copia-54","status":"publish","type":"product","link":"https:\/\/ikonisch.pt\/es\/produtos\/tipo-nome-brand-copia-54\/","title":{"rendered":"Silla DAW &#8211; Vitra"},"content":{"rendered":"","protected":false},"excerpt":{"rendered":"<p>Silla DAW (Dining Height Armchair Wood Base) nueva, sin usar, dise\u00f1ada por Charles y Ray Eames en 1950.<\/p>\n<p>DAW combina una base de madera con una carcasa de pl\u00e1stico reciclado, creando un rico contraste de materiales y con muchos argumentos de belleza y volumen.<\/p>\n<p>Altura del asiento: 43cm.<\/p>\n<p>A\u00f1o de fabricaci\u00f3n: 2015.<\/p>\n<p>Realizamos entregas a nivel mundial. Para env\u00edos fuera de Portugal y Espa\u00f1a, por favor, cont\u00e1ctenos para recibir un presupuesto personalizado.<\/p>\n<p>Para m\u00e1s informaci\u00f3n sobre precios, p\u00f3ngase en contacto con nosotros por correo electr\u00f3nico en\u00a0<a href=\"mailto:info@ikonisch.pt\"><strong>info@ikonisch.pt<\/strong><\/a>\u00a0o por tel\u00e9fono en el\u00a0<strong>+351 913 068 270<\/strong>.<\/p>\n","protected":false},"featured_media":26193,"template":"","meta":{"_acf_changed":false,"inline_featured_image":false},"product_brand":[],"product_cat":[689],"product_tag":[735,848],"class_list":{"0":"post-25886","1":"product","2":"type-product","3":"status-publish","4":"has-post-thumbnail","6":"product_cat-sillas","7":"product_tag-charles-ray-eames-es","8":"product_tag-vitra-es","10":"first","11":"outofstock","12":"shipping-taxable","13":"purchasable","14":"product-type-simple"},"acf":[],"aioseo_notices":[],"_links":{"self":[{"href":"https:\/\/ikonisch.pt\/es\/wp-json\/wp\/v2\/product\/25886","targetHints":{"allow":["GET"]}}],"collection":[{"href":"https:\/\/ikonisch.pt\/es\/wp-json\/wp\/v2\/product"}],"about":[{"href":"https:\/\/ikonisch.pt\/es\/wp-json\/wp\/v2\/types\/product"}],"wp:featuredmedia":[{"embeddable":true,"href":"https:\/\/ikonisch.pt\/es\/wp-json\/wp\/v2\/media\/26193"}],"wp:attachment":[{"href":"https:\/\/ikonisch.pt\/es\/wp-json\/wp\/v2\/media?parent=25886"}],"wp:term":[{"taxonomy":"product_brand","embeddable":true,"href":"https:\/\/ikonisch.pt\/es\/wp-json\/wp\/v2\/product_brand?post=25886"},{"taxonomy":"product_cat","embeddable":true,"href":"https:\/\/ikonisch.pt\/es\/wp-json\/wp\/v2\/product_cat?post=25886"},{"taxonomy":"product_tag","embeddable":true,"href":"https:\/\/ikonisch.pt\/es\/wp-json\/wp\/v2\/product_tag?post=25886"}],"curies":[{"name":"wp","href":"https:\/\/api.w.org\/{rel}","templated":true}]}}